{"id":631,"date":"2023-10-05T07:40:59","date_gmt":"2023-10-05T07:40:59","guid":{"rendered":"https:\/\/aqua-soleil-com.stackstaging.com\/?page_id=631"},"modified":"2024-03-22T10:23:20","modified_gmt":"2024-03-22T10:23:20","slug":"terms-and-conditions","status":"publish","type":"page","link":"https:\/\/www.aqua-soleil.com\/fr\/terms-and-conditions\/","title":{"rendered":"Conditions g\u00e9n\u00e9rales d'utilisation"},"content":{"rendered":"<div data-elementor-type=\"wp-page\" data-elementor-id=\"631\" class=\"elementor elementor-631\" data-elementor-post-type=\"page\">\n\t\t\t\t<div class=\"elementor-element elementor-element-dd5e49d e-flex e-con-boxed e-con e-parent\" data-id=\"dd5e49d\" data-element_type=\"container\" data-settings=\"{&quot;background_background&quot;:&quot;classic&quot;}\">\n\t\t\t\t\t<div class=\"e-con-inner\">\n\t\t\t\t\t<\/div>\n\t\t\t\t<\/div>\n\t\t<div class=\"elementor-element elementor-element-674f601 e-flex e-con-boxed e-con e-parent\" data-id=\"674f601\" data-element_type=\"container\">\n\t\t\t\t\t<div class=\"e-con-inner\">\n\t\t\t\t<div class=\"elementor-element elementor-element-98f7f15 elementor-widget-divider--view-line elementor-invisible elementor-widget elementor-widget-divider\" data-id=\"98f7f15\" data-element_type=\"widget\" data-settings=\"{&quot;_animation&quot;:&quot;fadeInUp&quot;}\" data-widget_type=\"divider.default\">\n\t\t\t\t<div class=\"elementor-widget-container\">\n\t\t\t\t\t<div class=\"elementor-divider\">\n\t\t\t<span class=\"elementor-divider-separator\">\n\t\t\t\t\t\t<\/span>\n\t\t<\/div>\n\t\t\t\t<\/div>\n\t\t\t\t<\/div>\n\t\t\t\t<div class=\"elementor-element elementor-element-a733bb5 elementor-invisible elementor-widget elementor-widget-heading\" data-id=\"a733bb5\" data-element_type=\"widget\" data-settings=\"{&quot;_animation&quot;:&quot;fadeInUp&quot;}\" data-widget_type=\"heading.default\">\n\t\t\t\t<div class=\"elementor-widget-container\">\n\t\t\t<h3 class=\"elementor-heading-title elementor-size-default\">Journ\u00e9e compl\u00e8te partag\u00e9e et priv\u00e9e<\/h3>\t\t<\/div>\n\t\t\t\t<\/div>\n\t\t\t\t<div class=\"elementor-element elementor-element-2873de2 elementor-invisible elementor-widget elementor-widget-text-editor\" data-id=\"2873de2\" data-element_type=\"widget\" data-settings=\"{&quot;_animation&quot;:&quot;fadeInUp&quot;}\" data-widget_type=\"text-editor.default\">\n\t\t\t\t<div class=\"elementor-widget-container\">\n\t\t\t\t\t\t\t<p><b>Remarque : <\/b><\/p>\n<ul>\n<li>Tous les tarifs sont susceptibles d'\u00eatre modifi\u00e9s en cas d'augmentation importante du prix des carburants et\/ou de circonstances \u00e9conomiques impr\u00e9vues.<\/li>\n<\/ul>\n<ul>\n<li>L'itin\u00e9raire peut \u00eatre modifi\u00e9 en cas de conditions m\u00e9t\u00e9orologiques et\/ou maritimes d\u00e9favorables pour la s\u00e9curit\u00e9 des clients.<\/li>\n<li>En cas de mar\u00e9e extr\u00eamement basse le matin, le d\u00e9part se fera de la Pointe. D'Esny au lieu du Chaland et le premier arr\u00eat snorkeling se fera \u00e0 Trou Moutou au lieu de Blue Bay (ceci sera communiqu\u00e9 la veille de l'excursion).<\/li>\n<\/ul>\n<ul>\n<li>Sur la base d'un partage, le nombre minimum de participants est de 8 adultes sur le bateau rapide et de 5 adultes sur le cataspeed.<br>12 adultes.<\/li>\n<li>Tous les choix de menus et les restrictions alimentaires doivent \u00eatre communiqu\u00e9s lors de la r\u00e9servation.<\/li>\n<li>Fournis \u00e0 bord : Gilets de sauvetage, \u00e9quipement de plong\u00e9e avec tuba (masques et tubas).<\/li>\n<li>A apporter : Cr\u00e8me solaire, serviettes, maillots de bain, lunettes de soleil, chapeaux.<\/li>\n<li style=\"font-size: 16px;\">Pr\u00e9venir en cas de grossesse lors de la r\u00e9servation.<\/li>\n<li style=\"font-size: 16px;\">Il y a un co\u00fbt suppl\u00e9mentaire pour chaque personne additionnelle.<\/li>\n<\/ul>\t\t\t\t\t\t<\/div>\n\t\t\t\t<\/div>\n\t\t\t\t<div class=\"elementor-element elementor-element-15d7b97 elementor-invisible elementor-widget elementor-widget-heading\" data-id=\"15d7b97\" data-element_type=\"widget\" data-settings=\"{&quot;_animation&quot;:&quot;fadeInUp&quot;}\" data-widget_type=\"heading.default\">\n\t\t\t\t<div class=\"elementor-widget-container\">\n\t\t\t<h1 class=\"elementor-heading-title elementor-size-default\">Politique d'annulation<\/h1>\t\t<\/div>\n\t\t\t\t<\/div>\n\t\t\t\t<div class=\"elementor-element elementor-element-674bea9 elementor-widget-divider--view-line elementor-invisible elementor-widget elementor-widget-divider\" data-id=\"674bea9\" data-element_type=\"widget\" data-settings=\"{&quot;_animation&quot;:&quot;fadeInUp&quot;}\" data-widget_type=\"divider.default\">\n\t\t\t\t<div class=\"elementor-widget-container\">\n\t\t\t\t\t<div class=\"elementor-divider\">\n\t\t\t<span class=\"elementor-divider-separator\">\n\t\t\t\t\t\t<\/span>\n\t\t<\/div>\n\t\t\t\t<\/div>\n\t\t\t\t<\/div>\n\t\t\t\t<div class=\"elementor-element elementor-element-919184e elementor-invisible elementor-widget elementor-widget-heading\" data-id=\"919184e\" data-element_type=\"widget\" data-settings=\"{&quot;_animation&quot;:&quot;fadeInUp&quot;}\" data-widget_type=\"heading.default\">\n\t\t\t\t<div class=\"elementor-widget-container\">\n\t\t\t<h3 class=\"elementor-heading-title elementor-size-default\">Annulation par les clients<\/h3>\t\t<\/div>\n\t\t\t\t<\/div>\n\t\t\t\t<div class=\"elementor-element elementor-element-b59a080 elementor-invisible elementor-widget elementor-widget-heading\" data-id=\"b59a080\" data-element_type=\"widget\" data-settings=\"{&quot;_animation&quot;:&quot;fadeInUp&quot;}\" data-widget_type=\"heading.default\">\n\t\t\t\t<div class=\"elementor-widget-container\">\n\t\t\t<h5 class=\"elementor-heading-title elementor-size-default\">Sur la base du partage<\/h5>\t\t<\/div>\n\t\t\t\t<\/div>\n\t\t\t\t<div class=\"elementor-element elementor-element-65f9439 elementor-invisible elementor-widget elementor-widget-text-editor\" data-id=\"65f9439\" data-element_type=\"widget\" data-settings=\"{&quot;_animation&quot;:&quot;fadeInUp&quot;}\" data-widget_type=\"text-editor.default\">\n\t\t\t\t<div class=\"elementor-widget-container\">\n\t\t\t\t\t\t\t<ul><li>En cas d'annulation la veille de l'excursion avant 12h00 : 50% de frais d'annulation applicables OU possibilit\u00e9 de reporter l'excursion un autre jour.<\/li><\/ul><ul><li>En cas d'annulation la veille de l'excursion apr\u00e8s 12h00 : 100% de frais d'annulation sont applicables.<\/li><li>En cas d'annulation le jour m\u00eame de l'excursion et en cas de non-pr\u00e9sentation : 100% de frais d'annulation applicables.<\/li><li>Si les conditions m\u00e9t\u00e9orologiques ne conviennent pas aux clients, des frais d'annulation de 100% sont applicables.<\/li><\/ul>\t\t\t\t\t\t<\/div>\n\t\t\t\t<\/div>\n\t\t\t\t<div class=\"elementor-element elementor-element-5de1fa5 elementor-invisible elementor-widget elementor-widget-heading\" data-id=\"5de1fa5\" data-element_type=\"widget\" data-settings=\"{&quot;_animation&quot;:&quot;fadeInUp&quot;}\" data-widget_type=\"heading.default\">\n\t\t\t\t<div class=\"elementor-widget-container\">\n\t\t\t<h5 class=\"elementor-heading-title elementor-size-default\">Base priv\u00e9e<\/h5>\t\t<\/div>\n\t\t\t\t<\/div>\n\t\t\t\t<div class=\"elementor-element elementor-element-a6c7cd9 elementor-invisible elementor-widget elementor-widget-text-editor\" data-id=\"a6c7cd9\" data-element_type=\"widget\" data-settings=\"{&quot;_animation&quot;:&quot;fadeInUp&quot;}\" data-widget_type=\"text-editor.default\">\n\t\t\t\t<div class=\"elementor-widget-container\">\n\t\t\t\t\t\t\t<ul><li>En cas d'annulation 2 jours avant la date de l'excursion, des frais d'annulation de 50% sont applicables.<\/li><li>En cas d'annulation la veille de l'excursion avant 12h00 : 75% de frais d'annulation sont applicables.<\/li><li>En cas d'annulation la veille de l'excursion apr\u00e8s 12h00 : 100% de frais d'annulation sont applicables.<\/li><li>En cas d'annulation le jour m\u00eame de l'excursion et de non-pr\u00e9sentation : Des frais d'annulation de 100% seront applicables.<\/li><li>Si les conditions m\u00e9t\u00e9orologiques ne sont pas favorables <b>AUX CLIENTS<\/b>: 100% frais d'annulation applicables.<\/li><\/ul>\t\t\t\t\t\t<\/div>\n\t\t\t\t<\/div>\n\t\t\t\t<div class=\"elementor-element elementor-element-065008c elementor-invisible elementor-widget elementor-widget-heading\" data-id=\"065008c\" data-element_type=\"widget\" data-settings=\"{&quot;_animation&quot;:&quot;fadeInUp&quot;}\" data-widget_type=\"heading.default\">\n\t\t\t\t<div class=\"elementor-widget-container\">\n\t\t\t<h3 class=\"elementor-heading-title elementor-size-default\">Annulation par Aqua Soleil<\/h3>\t\t<\/div>\n\t\t\t\t<\/div>\n\t\t\t\t<div class=\"elementor-element elementor-element-00c2bc8 elementor-invisible elementor-widget elementor-widget-text-editor\" data-id=\"00c2bc8\" data-element_type=\"widget\" data-settings=\"{&quot;_animation&quot;:&quot;fadeInUp&quot;}\" data-widget_type=\"text-editor.default\">\n\t\t\t\t<div class=\"elementor-widget-container\">\n\t\t\t\t\t\t\t<ul><li>Si les services sont annul\u00e9s par Aqua Soleil \u00e0 la suite d'un probl\u00e8me technique ou de conditions m\u00e9t\u00e9orologiques d\u00e9favorables avant le d\u00e9but de l'excursion, les clients se verront proposer de r\u00e9server \u00e0 nouveau l'excursion sans frais suppl\u00e9mentaires. Sinon, les clients seront rembours\u00e9s de 100%.<\/li><li>Aqua Soleil se r\u00e9serve le droit de reporter l'excursion en cas de conditions m\u00e9t\u00e9orologiques d\u00e9favorables. Aucune indemnit\u00e9 ne vous sera due du fait de ce report.<\/li><\/ul>\t\t\t\t\t\t<\/div>\n\t\t\t\t<\/div>\n\t\t\t\t<div class=\"elementor-element elementor-element-a65be9b elementor-invisible elementor-widget elementor-widget-heading\" data-id=\"a65be9b\" data-element_type=\"widget\" data-settings=\"{&quot;_animation&quot;:&quot;fadeInUp&quot;}\" data-widget_type=\"heading.default\">\n\t\t\t\t<div class=\"elementor-widget-container\">\n\t\t\t<h5 class=\"elementor-heading-title elementor-size-default\">Ce qu'il faut apporter<\/h5>\t\t<\/div>\n\t\t\t\t<\/div>\n\t\t\t\t<div class=\"elementor-element elementor-element-51a1cf7 elementor-invisible elementor-widget elementor-widget-text-editor\" data-id=\"51a1cf7\" data-element_type=\"widget\" data-settings=\"{&quot;_animation&quot;:&quot;fadeInUp&quot;}\" data-widget_type=\"text-editor.default\">\n\t\t\t\t<div class=\"elementor-widget-container\">\n\t\t\t\t\t\t\t<p>Apportez de la cr\u00e8me solaire, des serviettes, des maillots de bain, des lunettes de soleil et des chapeaux.<\/p>\t\t\t\t\t\t<\/div>\n\t\t\t\t<\/div>\n\t\t\t\t\t<\/div>\n\t\t\t\t<\/div>\n\t\t\t\t<\/div>","protected":false},"excerpt":{"rendered":"<p>Full Day Sharing and Private Note: All rates are subject to change in case of a major increase in fuel prices and\/or unforeseen economic circumstances. The itinerary can be amended due to unfavourable weather and\/or sea conditions for clients\u2019 safety. In case of morning extreme low sea tide which may occur, the departure will be [&hellip;]<\/p>","protected":false},"author":1,"featured_media":0,"parent":0,"menu_order":0,"comment_status":"closed","ping_status":"closed","template":"elementor_header_footer","meta":{"_acf_changed":false,"footnotes":""},"class_list":["post-631","page","type-page","status-publish","hentry"],"acf":[],"_links":{"self":[{"href":"https:\/\/www.aqua-soleil.com\/fr\/wp-json\/wp\/v2\/pages\/631","targetHints":{"allow":["GET"]}}],"collection":[{"href":"https:\/\/www.aqua-soleil.com\/fr\/wp-json\/wp\/v2\/pages"}],"about":[{"href":"https:\/\/www.aqua-soleil.com\/fr\/wp-json\/wp\/v2\/types\/page"}],"author":[{"embeddable":true,"href":"https:\/\/www.aqua-soleil.com\/fr\/wp-json\/wp\/v2\/users\/1"}],"replies":[{"embeddable":true,"href":"https:\/\/www.aqua-soleil.com\/fr\/wp-json\/wp\/v2\/comments?post=631"}],"version-history":[{"count":52,"href":"https:\/\/www.aqua-soleil.com\/fr\/wp-json\/wp\/v2\/pages\/631\/revisions"}],"predecessor-version":[{"id":1065,"href":"https:\/\/www.aqua-soleil.com\/fr\/wp-json\/wp\/v2\/pages\/631\/revisions\/1065"}],"wp:attachment":[{"href":"https:\/\/www.aqua-soleil.com\/fr\/wp-json\/wp\/v2\/media?parent=631"}],"curies":[{"name":"wp","href":"https:\/\/api.w.org\/{rel}","templated":true}]}}