{"id":561,"date":"2023-10-05T06:38:34","date_gmt":"2023-10-05T06:38:34","guid":{"rendered":"https:\/\/aqua-soleil-com.stackstaging.com\/?page_id=561"},"modified":"2024-12-05T02:32:56","modified_gmt":"2024-12-05T02:32:56","slug":"cataspeed","status":"publish","type":"page","link":"https:\/\/www.aqua-soleil.com\/fr\/cataspeed\/","title":{"rendered":"Cataspeed"},"content":{"rendered":"<div data-elementor-type=\"wp-page\" data-elementor-id=\"561\" class=\"elementor elementor-561\" data-elementor-post-type=\"page\">\n\t\t\t\t<div class=\"elementor-element elementor-element-53358d5 e-flex e-con-boxed e-con e-parent\" data-id=\"53358d5\" data-element_type=\"container\" data-settings=\"{&quot;background_background&quot;:&quot;classic&quot;}\">\n\t\t\t\t\t<div class=\"e-con-inner\">\n\t\t\t\t\t<\/div>\n\t\t\t\t<\/div>\n\t\t<div class=\"elementor-element elementor-element-5d82b85 e-flex e-con-boxed e-con e-parent\" data-id=\"5d82b85\" data-element_type=\"container\">\n\t\t\t\t\t<div class=\"e-con-inner\">\n\t\t\t\t<div class=\"elementor-element elementor-element-ec819d2 elementor-invisible elementor-widget elementor-widget-heading\" data-id=\"ec819d2\" data-element_type=\"widget\" data-settings=\"{&quot;_animation&quot;:&quot;fadeInUp&quot;}\" data-widget_type=\"heading.default\">\n\t\t\t\t<div class=\"elementor-widget-container\">\n\t\t\t<h1 class=\"elementor-heading-title elementor-size-default\">Votre destination<\/h1>\t\t<\/div>\n\t\t\t\t<\/div>\n\t\t\t\t\t<\/div>\n\t\t\t\t<\/div>\n\t\t<div class=\"elementor-element elementor-element-52aa023 e-flex e-con-boxed e-con e-parent\" data-id=\"52aa023\" data-element_type=\"container\">\n\t\t\t\t\t<div class=\"e-con-inner\">\n\t\t<div class=\"elementor-element elementor-element-6387db2 e-con-full e-flex e-con e-child\" data-id=\"6387db2\" data-element_type=\"container\">\n\t\t\t\t<div class=\"elementor-element elementor-element-dc3b07d elementor-invisible elementor-widget elementor-widget-image\" data-id=\"dc3b07d\" data-element_type=\"widget\" data-settings=\"{&quot;_animation&quot;:&quot;zoomIn&quot;,&quot;_animation_delay&quot;:100}\" data-widget_type=\"image.default\">\n\t\t\t\t<div class=\"elementor-widget-container\">\n\t\t\t\t\t\t\t\t\t\t\t\t\t<img fetchpriority=\"high\" decoding=\"async\" width=\"550\" height=\"600\" src=\"https:\/\/www.aqua-soleil.com\/wp-content\/uploads\/2023\/10\/Cataspeed-main-image.jpg\" class=\"attachment-full size-full wp-image-708\" alt=\"img_aquasoleil\" srcset=\"https:\/\/www.aqua-soleil.com\/wp-content\/uploads\/2023\/10\/Cataspeed-main-image.jpg 550w, https:\/\/www.aqua-soleil.com\/wp-content\/uploads\/2023\/10\/Cataspeed-main-image-275x300.jpg 275w\" sizes=\"(max-width: 550px) 100vw, 550px\" \/>\t\t\t\t\t\t\t\t\t\t\t\t\t<\/div>\n\t\t\t\t<\/div>\n\t\t\t\t<\/div>\n\t\t<div class=\"elementor-element elementor-element-d3a79f0 e-con-full e-flex e-con e-child\" data-id=\"d3a79f0\" data-element_type=\"container\">\n\t\t\t\t<div class=\"elementor-element elementor-element-8785a7b elementor-invisible elementor-widget elementor-widget-heading\" data-id=\"8785a7b\" data-element_type=\"widget\" data-settings=\"{&quot;_animation&quot;:&quot;fadeInUp&quot;}\" data-widget_type=\"heading.default\">\n\t\t\t\t<div class=\"elementor-widget-container\">\n\t\t\t<h1 class=\"elementor-heading-title elementor-size-default\">Cataspeed<\/h1>\t\t<\/div>\n\t\t\t\t<\/div>\n\t\t\t\t<div class=\"elementor-element elementor-element-b1d6efc elementor-invisible elementor-widget elementor-widget-text-editor\" data-id=\"b1d6efc\" data-element_type=\"widget\" data-settings=\"{&quot;_animation&quot;:&quot;fadeInUp&quot;}\" data-widget_type=\"text-editor.default\">\n\t\t\t\t<div class=\"elementor-widget-container\">\n\t\t\t\t\t\t\t<p>Explorez des terres inconnues qui ne le resteront pas longtemps. Nos guides exp\u00e9riment\u00e9s, qui connaissent la mer par c\u0153ur, vous \u00e9claireront de leurs vieilles histoires. Plongez dans des sites de plong\u00e9e avec tuba \u00e0 couper le souffle et immergez-vous dans la vie marine qui s'y trouve - vous cr\u00e9erez des souvenirs pour la vie. Pr\u00e9lassez-vous sur la plage de sable avec un cocktail bien frais et faites-vous bronzer sous les tropiques.<\/p>\t\t\t\t\t\t<\/div>\n\t\t\t\t<\/div>\n\t\t<div class=\"elementor-element elementor-element-394eb81 e-flex e-con-boxed e-con e-child\" data-id=\"394eb81\" data-element_type=\"container\">\n\t\t\t\t\t<div class=\"e-con-inner\">\n\t\t<div class=\"elementor-element elementor-element-8bdcf09 e-con-full e-flex e-con e-child\" data-id=\"8bdcf09\" data-element_type=\"container\">\n\t\t<div class=\"elementor-element elementor-element-2701b75 e-flex e-con-boxed e-con e-child\" data-id=\"2701b75\" data-element_type=\"container\">\n\t\t\t\t\t<div class=\"e-con-inner\">\n\t\t\t\t<div class=\"elementor-element elementor-element-62c662f elementor-position-left img-style elementor-vertical-align-top elementor-invisible elementor-widget elementor-widget-image-box\" data-id=\"62c662f\" data-element_type=\"widget\" data-settings=\"{&quot;_animation&quot;:&quot;fadeInUp&quot;}\" data-widget_type=\"image-box.default\">\n\t\t\t\t<div class=\"elementor-widget-container\">\n\t\t\t<div class=\"elementor-image-box-wrapper\"><figure class=\"elementor-image-box-img\"><img decoding=\"async\" width=\"512\" height=\"512\" src=\"https:\/\/www.aqua-soleil.com\/wp-content\/uploads\/2023\/10\/icon1-1.png\" class=\"attachment-full size-full wp-image-512\" alt=\"img_aquasoleil\" srcset=\"https:\/\/www.aqua-soleil.com\/wp-content\/uploads\/2023\/10\/icon1-1.png 512w, https:\/\/www.aqua-soleil.com\/wp-content\/uploads\/2023\/10\/icon1-1-300x300.png 300w, https:\/\/www.aqua-soleil.com\/wp-content\/uploads\/2023\/10\/icon1-1-150x150.png 150w\" sizes=\"(max-width: 512px) 100vw, 512px\" \/><\/figure><div class=\"elementor-image-box-content\"><h4 class=\"elementor-image-box-title\">Capacit\u00e9<br>22<\/h4><\/div><\/div>\t\t<\/div>\n\t\t\t\t<\/div>\n\t\t\t\t\t<\/div>\n\t\t\t\t<\/div>\n\t\t\t\t<\/div>\n\t\t<div class=\"elementor-element elementor-element-46e4ea0 e-flex e-con-boxed e-con e-child\" data-id=\"46e4ea0\" data-element_type=\"container\">\n\t\t\t\t\t<div class=\"e-con-inner\">\n\t\t\t\t<div class=\"elementor-element elementor-element-e93a079 elementor-position-left img-style elementor-vertical-align-top elementor-invisible elementor-widget elementor-widget-image-box\" data-id=\"e93a079\" data-element_type=\"widget\" data-settings=\"{&quot;_animation&quot;:&quot;fadeInUp&quot;}\" data-widget_type=\"image-box.default\">\n\t\t\t\t<div class=\"elementor-widget-container\">\n\t\t\t<div class=\"elementor-image-box-wrapper\"><figure class=\"elementor-image-box-img\"><img decoding=\"async\" width=\"512\" height=\"512\" src=\"https:\/\/www.aqua-soleil.com\/wp-content\/uploads\/2023\/10\/icon2-1.png\" class=\"attachment-full size-full wp-image-513\" alt=\"img_aquasoleil\" srcset=\"https:\/\/www.aqua-soleil.com\/wp-content\/uploads\/2023\/10\/icon2-1.png 512w, https:\/\/www.aqua-soleil.com\/wp-content\/uploads\/2023\/10\/icon2-1-300x300.png 300w, https:\/\/www.aqua-soleil.com\/wp-content\/uploads\/2023\/10\/icon2-1-150x150.png 150w\" sizes=\"(max-width: 512px) 100vw, 512px\" \/><\/figure><div class=\"elementor-image-box-content\"><h4 class=\"elementor-image-box-title\">Dur\u00e9e de l'accord<br>09h00 - 16h30<\/h4><\/div><\/div>\t\t<\/div>\n\t\t\t\t<\/div>\n\t\t\t\t\t<\/div>\n\t\t\t\t<\/div>\n\t\t\t\t\t<\/div>\n\t\t\t\t<\/div>\n\t\t\t\t<\/div>\n\t\t\t\t\t<\/div>\n\t\t\t\t<\/div>\n\t\t<div class=\"elementor-element elementor-element-6e6411d e-con-full e-flex e-con e-parent\" data-id=\"6e6411d\" data-element_type=\"container\">\n\t\t\t\t<div class=\"elementor-element elementor-element-56a9862 elementor-invisible elementor-widget elementor-widget-heading\" data-id=\"56a9862\" data-element_type=\"widget\" data-settings=\"{&quot;_animation&quot;:&quot;fadeInUp&quot;}\" data-widget_type=\"heading.default\">\n\t\t\t\t<div class=\"elementor-widget-container\">\n\t\t\t<h2 class=\"elementor-heading-title elementor-size-default\">R\u00e9servez votre exp\u00e9rience en ligne<\/h2>\t\t<\/div>\n\t\t\t\t<\/div>\n\t\t\t\t<div class=\"elementor-element elementor-element-e9fa719 elementor-widget elementor-widget-html\" data-id=\"e9fa719\" data-element_type=\"widget\" data-widget_type=\"html.default\">\n\t\t\t\t<div class=\"elementor-widget-container\">\n\t\t\t<div class=\"bokunWidget\" data-src=\"https:\/\/widgets.bokun.io\/online-sales\/87fd4b95-63ea-49d1-9968-029ad011e245\/product-list\/83374\"><\/div> <noscript>Veuillez activer le javascript dans votre navigateur pour r\u00e9server<\/noscript>\t\t<\/div>\n\t\t\t\t<\/div>\n\t\t\t\t<div class=\"elementor-element elementor-element-61d78c5 elementor-align-center elementor-widget elementor-widget-button\" data-id=\"61d78c5\" data-element_type=\"widget\" data-widget_type=\"button.default\">\n\t\t\t\t<div class=\"elementor-widget-container\">\n\t\t\t\t\t<div class=\"elementor-button-wrapper\">\n\t\t\t<a class=\"elementor-button elementor-button-link elementor-size-sm\" href=\"#discover-more\">\n\t\t\t\t\t\t<span class=\"elementor-button-content-wrapper\">\n\t\t\t\t\t\t\t\t\t<span class=\"elementor-button-text\">D\u00c9COUVRIR D'AUTRES EXP\u00c9RIENCES<\/span>\n\t\t\t\t\t<\/span>\n\t\t\t\t\t<\/a>\n\t\t<\/div>\n\t\t\t\t<\/div>\n\t\t\t\t<\/div>\n\t\t\t\t<\/div>\n\t\t<div class=\"elementor-element elementor-element-a64d420 elementor-hidden-desktop elementor-hidden-laptop elementor-hidden-tablet elementor-hidden-mobile e-flex e-con-boxed e-con e-parent\" data-id=\"a64d420\" data-element_type=\"container\">\n\t\t\t\t\t<div class=\"e-con-inner\">\n\t\t\t\t\t<\/div>\n\t\t\t\t<\/div>\n\t\t<div class=\"elementor-element elementor-element-aee0def e-flex e-con-boxed e-con e-parent\" data-id=\"aee0def\" data-element_type=\"container\">\n\t\t\t\t\t<div class=\"e-con-inner\">\n\t\t\t\t<div class=\"elementor-element elementor-element-3b982bb elementor-widget elementor-widget-heading\" data-id=\"3b982bb\" data-element_type=\"widget\" data-widget_type=\"heading.default\">\n\t\t\t\t<div class=\"elementor-widget-container\">\n\t\t\t<h4 class=\"elementor-heading-title elementor-size-default\">Description<\/h4>\t\t<\/div>\n\t\t\t\t<\/div>\n\t\t\t\t<div class=\"elementor-element elementor-element-c8b5fcb elementor-widget elementor-widget-text-editor\" data-id=\"c8b5fcb\" data-element_type=\"widget\" data-widget_type=\"text-editor.default\">\n\t\t\t\t<div class=\"elementor-widget-container\">\n\t\t\t\t\t\t\t<ul><li>Toutes les restrictions alimentaires doivent \u00eatre communiqu\u00e9es lors de la r\u00e9servation.<\/li><li>Fournis \u00e0 bord : Gilets de sauvetage, \u00e9quipement de plong\u00e9e avec tuba (masques et baignoires).<\/li><li>A apporter : Cr\u00e8me solaire, serviettes, maillots de bain, lunettes de soleil, chapeaux.<\/li><\/ul>\t\t\t\t\t\t<\/div>\n\t\t\t\t<\/div>\n\t\t\t\t\t<\/div>\n\t\t\t\t<\/div>\n\t\t<div class=\"elementor-element elementor-element-6c231a1 e-flex e-con-boxed e-con e-parent\" data-id=\"6c231a1\" data-element_type=\"container\">\n\t\t\t\t\t<div class=\"e-con-inner\">\n\t\t\t\t<div class=\"elementor-element elementor-element-f37865d elementor-invisible elementor-widget elementor-widget-heading\" data-id=\"f37865d\" data-element_type=\"widget\" data-settings=\"{&quot;_animation&quot;:&quot;fadeInUp&quot;}\" data-widget_type=\"heading.default\">\n\t\t\t\t<div class=\"elementor-widget-container\">\n\t\t\t<h2 class=\"elementor-heading-title elementor-size-default\">Quelques mots de nos invit\u00e9s...<\/h2>\t\t<\/div>\n\t\t\t\t<\/div>\n\t\t\t\t<div class=\"elementor-element elementor-element-49dc9cb elementor-widget elementor-widget-html\" data-id=\"49dc9cb\" data-element_type=\"widget\" data-widget_type=\"html.default\">\n\t\t\t\t<div class=\"elementor-widget-container\">\n\t\t\t<div id=\"wid_1732752665317\"><\/div>\r\n<script>\r\nsc = document.createElement(\"script\");\r\nsc.setAttribute(\"defer\",true);\r\nsc.setAttribute(\"src\",\"https:\/\/dbwx2z9xa7qt9.cloudfront.net\/bundle.js?cachebust=1732752665317\");\r\nsc.setAttribute(\"theme\",\"light\");\r\nsc.setAttribute(\"footer\", \"true\"); \r\nsc.setAttribute(\"widget-type\",\"feed\");\r\nsc.setAttribute(\"token\",\"6747b3f92b88d39a679f1ba7\");\r\nsc.setAttribute('apiurl', \"https:\/\/server.onlinereviews.tech\/api\/v0.0.9\");\r\nsc.setAttribute('stats',\"true\");\r\nsc.setAttribute('addReview',\"false\");\r\nsc.setAttribute('profile-pic',\"true\");\r\nsc.setAttribute('review-name',\"true\");\r\nsc.setAttribute('positive-stars',\"true\");\r\nsc.setAttribute('wl', \"true\");\r\nsc.setAttribute('wlndig', \"https:\/\/your.voice.mu\/aqs\");\r\nsc.setAttribute('lang', \"us\");\r\nsc.setAttribute('brandStyle', \"%7B%22sidebar_background%22%3A%22%230e0744%22%2C%22sidebar_text%22%3A%22white%22%2C%22brand_button_text_color%22%3A%22white%22%2C%22brand_main_color%22%3A%22%23000000%22%2C%22brand_button_border_radius%22%3A%228px%22%2C%22brand_sidebar_text_color_opacity%22%3A%22%23ffffff1a%22%2C%22brand_button_hover%22%3A%22rgb(0%2C%200%2C%200)%22%2C%22brand_button_active%22%3A%22rgb(0%2C%200%2C%200)%22%2C%22brand_main_color_opacity%22%3A%22%230000001a%22%2C%22brand_font%22%3A%22Montserrat%22%2C%22star_color%22%3A%22%23ed5a25%22%2C%22brand_main_background%22%3A%22%23F6F8F7%22%2C%22brand_card_background%22%3A%22white%22%2C%22poweredByLink%22%3A%22https%3A%2F%2Fwww.voice.mu%22%2C%22poweredicon%22%3A%22https%3A%2F%2Frecensioni-io-static-folder.s3.eu-central-1.amazonaws.com%2Fpublic_onlinereviews%2Ffreemium%2F63d3d3e8bb4e175cc3deb04b%2Fpowered.png%22%7D\");\r\ndocument.getElementById(\"wid_1732752665317\").appendChild(sc);\r\n<\/script>\t\t<\/div>\n\t\t\t\t<\/div>\n\t\t\t\t\t<\/div>\n\t\t\t\t<\/div>\n\t\t<div class=\"elementor-element elementor-element-d74d332 e-con-full e-flex e-con e-parent\" data-id=\"d74d332\" data-element_type=\"container\">\n\t\t\t\t<div class=\"elementor-element elementor-element-66578b8 elementor-invisible elementor-widget elementor-widget-heading\" data-id=\"66578b8\" data-element_type=\"widget\" id=\"discover-more\" data-settings=\"{&quot;_animation&quot;:&quot;fadeInUp&quot;}\" data-widget_type=\"heading.default\">\n\t\t\t\t<div class=\"elementor-widget-container\">\n\t\t\t<h2 class=\"elementor-heading-title elementor-size-default\">En savoir plus<\/h2>\t\t<\/div>\n\t\t\t\t<\/div>\n\t\t\t\t<div class=\"elementor-element elementor-element-57a3028 elementor-widget elementor-widget-html\" data-id=\"57a3028\" data-element_type=\"widget\" data-widget_type=\"html.default\">\n\t\t\t\t<div class=\"elementor-widget-container\">\n\t\t\t    <div class=\"bokunWidget\" data-src=\"https:\/\/widgets.bokun.io\/online-sales\/87fd4b95-63ea-49d1-9968-029ad011e245\/product-list\/83170\"><\/div>\r\n    <noscript>Veuillez activer le javascript dans votre navigateur pour r\u00e9server<\/noscript>\t\t<\/div>\n\t\t\t\t<\/div>\n\t\t\t\t<\/div>\n\t\t\t\t<\/div>","protected":false},"excerpt":{"rendered":"<p>Your Destination Cataspeed Explore unknown lands that won\u2019t remain unknown for long. Our experienced guides who know the sea by heart, will enlighten you with their old tales. Have a dip in breath-taking snorkeling spots, and immerse yourself in the marine life beneath \u2013 you\u2019ll create memories for life. Bask on the sandy beach with [&hellip;]<\/p>","protected":false},"author":1,"featured_media":0,"parent":0,"menu_order":0,"comment_status":"closed","ping_status":"closed","template":"elementor_header_footer","meta":{"_acf_changed":false,"footnotes":""},"class_list":["post-561","page","type-page","status-publish","hentry"],"acf":[],"_links":{"self":[{"href":"https:\/\/www.aqua-soleil.com\/fr\/wp-json\/wp\/v2\/pages\/561","targetHints":{"allow":["GET"]}}],"collection":[{"href":"https:\/\/www.aqua-soleil.com\/fr\/wp-json\/wp\/v2\/pages"}],"about":[{"href":"https:\/\/www.aqua-soleil.com\/fr\/wp-json\/wp\/v2\/types\/page"}],"author":[{"embeddable":true,"href":"https:\/\/www.aqua-soleil.com\/fr\/wp-json\/wp\/v2\/users\/1"}],"replies":[{"embeddable":true,"href":"https:\/\/www.aqua-soleil.com\/fr\/wp-json\/wp\/v2\/comments?post=561"}],"version-history":[{"count":58,"href":"https:\/\/www.aqua-soleil.com\/fr\/wp-json\/wp\/v2\/pages\/561\/revisions"}],"predecessor-version":[{"id":1389,"href":"https:\/\/www.aqua-soleil.com\/fr\/wp-json\/wp\/v2\/pages\/561\/revisions\/1389"}],"wp:attachment":[{"href":"https:\/\/www.aqua-soleil.com\/fr\/wp-json\/wp\/v2\/media?parent=561"}],"curies":[{"name":"wp","href":"https:\/\/api.w.org\/{rel}","templated":true}]}}