{"id":392,"date":"2023-10-04T05:53:00","date_gmt":"2023-10-04T05:53:00","guid":{"rendered":"https:\/\/aqua-soleil-com.stackstaging.com\/?page_id=392"},"modified":"2023-10-11T07:37:06","modified_gmt":"2023-10-11T07:37:06","slug":"about-us","status":"publish","type":"page","link":"https:\/\/www.aqua-soleil.com\/fr\/about-us\/","title":{"rendered":"\u00c0 propos de nous"},"content":{"rendered":"<div data-elementor-type=\"wp-page\" data-elementor-id=\"392\" class=\"elementor elementor-392\" data-elementor-post-type=\"page\">\n\t\t\t\t<div class=\"elementor-element elementor-element-9e2051d e-flex e-con-boxed e-con e-parent\" data-id=\"9e2051d\" data-element_type=\"container\" data-settings=\"{&quot;background_background&quot;:&quot;classic&quot;}\">\n\t\t\t\t\t<div class=\"e-con-inner\">\n\t\t\t\t\t<\/div>\n\t\t\t\t<\/div>\n\t\t<div class=\"elementor-element elementor-element-8b25014 elementor-hidden-tablet elementor-hidden-mobile e-flex e-con-boxed e-con e-parent\" data-id=\"8b25014\" data-element_type=\"container\">\n\t\t\t\t\t<div class=\"e-con-inner\">\n\t\t<div class=\"elementor-element elementor-element-574cdae e-con-full e-flex e-con e-child\" data-id=\"574cdae\" data-element_type=\"container\">\n\t\t\t\t<div class=\"elementor-element elementor-element-cfd0bee elementor-invisible elementor-widget elementor-widget-heading\" data-id=\"cfd0bee\" data-element_type=\"widget\" data-settings=\"{&quot;_animation&quot;:&quot;fadeInUp&quot;}\" data-widget_type=\"heading.default\">\n\t\t\t\t<div class=\"elementor-widget-container\">\n\t\t\t<h1 class=\"elementor-heading-title elementor-size-default\">L'histoire<\/h1>\t\t<\/div>\n\t\t\t\t<\/div>\n\t\t\t\t<div class=\"elementor-element elementor-element-eb7647b elementor-invisible elementor-widget elementor-widget-heading\" data-id=\"eb7647b\" data-element_type=\"widget\" data-settings=\"{&quot;_animation&quot;:&quot;fadeInUp&quot;}\" data-widget_type=\"heading.default\">\n\t\t\t\t<div class=\"elementor-widget-container\">\n\t\t\t<h1 class=\"elementor-heading-title elementor-size-default\">Soleil, mer et sourire<\/h1>\t\t<\/div>\n\t\t\t\t<\/div>\n\t\t\t\t<div class=\"elementor-element elementor-element-e4fae9a elementor-invisible elementor-widget elementor-widget-text-editor\" data-id=\"e4fae9a\" data-element_type=\"widget\" data-settings=\"{&quot;_animation&quot;:&quot;fadeInUp&quot;}\" data-widget_type=\"text-editor.default\">\n\t\t\t\t<div class=\"elementor-widget-container\">\n\t\t\t\t\t\t\t<p>La c\u00f4te sud-est abrite une grande partie du patrimoine historique de l'\u00eele. Elle s'accompagne de plages de sable fin et d'eaux tranquilles. Elle abrite une faune et une flore \u00e9tonnantes.<\/p><p>Notre voyage a commenc\u00e9 lorsque Canty, Burty et Mike ont d\u00e9cid\u00e9 de partager ce pr\u00e9cieux h\u00e9ritage avec le grand public. Un voyage de 17 ans entrepris avec passion et amour pour l'appel de l'oc\u00e9an. Depuis, des clients du monde entier ont v\u00e9cu des aventures inoubliables. Le tout agr\u00e9ment\u00e9 de la c\u00e9l\u00e8bre hospitalit\u00e9 mauricienne.<\/p><p>Notre exp\u00e9rience nous a permis d'organiser des excursions m\u00e9morables sur cette c\u00f4te historique. Des souvenirs tropicaux sont cr\u00e9\u00e9s. Encore et encore. Caract\u00e9ris\u00e9s par des paysages dignes d'une carte postale. Des histoires riches en histoire, la chaleur de notre \u00e9quipage, une cuisine mauricienne typique pour les gourmets. Et un divertissement local avec des rythmes Sega pour \u00e9mouvoir votre \u00e2me.<\/p>\t\t\t\t\t\t<\/div>\n\t\t\t\t<\/div>\n\t\t\t\t<\/div>\n\t\t<div class=\"elementor-element elementor-element-d82b545 e-con-full e-flex e-con e-child\" data-id=\"d82b545\" data-element_type=\"container\">\n\t\t\t\t<div class=\"elementor-element elementor-element-dea97dd elementor-invisible elementor-widget elementor-widget-image\" data-id=\"dea97dd\" data-element_type=\"widget\" data-settings=\"{&quot;_animation&quot;:&quot;zoomIn&quot;,&quot;_animation_delay&quot;:100}\" data-widget_type=\"image.default\">\n\t\t\t\t<div class=\"elementor-widget-container\">\n\t\t\t\t\t\t\t\t\t\t\t\t\t<img decoding=\"async\" src=\"https:\/\/www.aqua-soleil.com\/wp-content\/uploads\/elementor\/thumbs\/sec3-img3-scaled-qy49o1086l1e3gnfpt90muqvrzoucsqmcp8w5ifwrk.jpg\" title=\"\" alt=\"img_aquasoleil\" loading=\"lazy\" \/>\t\t\t\t\t\t\t\t\t\t\t\t\t<\/div>\n\t\t\t\t<\/div>\n\t\t<div class=\"elementor-element elementor-element-c68371a e-flex e-con-boxed e-con e-child\" data-id=\"c68371a\" data-element_type=\"container\">\n\t\t\t\t\t<div class=\"e-con-inner\">\n\t\t<div class=\"elementor-element elementor-element-2384cfd e-flex e-con-boxed e-con e-child\" data-id=\"2384cfd\" data-element_type=\"container\">\n\t\t\t\t\t<div class=\"e-con-inner\">\n\t\t\t\t<div class=\"elementor-element elementor-element-605f198 elementor-invisible elementor-widget elementor-widget-image\" data-id=\"605f198\" data-element_type=\"widget\" data-settings=\"{&quot;_animation&quot;:&quot;zoomIn&quot;,&quot;_animation_delay&quot;:150}\" data-widget_type=\"image.default\">\n\t\t\t\t<div class=\"elementor-widget-container\">\n\t\t\t\t\t\t\t\t\t\t\t\t\t<img decoding=\"async\" src=\"https:\/\/www.aqua-soleil.com\/wp-content\/uploads\/elementor\/thumbs\/1-scaled-qy49o1086l3nxu0l23yura2xbdhngcncqn889cjsxs.jpg\" title=\"\" alt=\"img_aquasoleil\" loading=\"lazy\" \/>\t\t\t\t\t\t\t\t\t\t\t\t\t<\/div>\n\t\t\t\t<\/div>\n\t\t\t\t\t<\/div>\n\t\t\t\t<\/div>\n\t\t<div class=\"elementor-element elementor-element-b81c051 e-flex e-con-boxed e-con e-child\" data-id=\"b81c051\" data-element_type=\"container\">\n\t\t\t\t\t<div class=\"e-con-inner\">\n\t\t\t\t<div class=\"elementor-element elementor-element-a9ead5c elementor-invisible elementor-widget elementor-widget-image\" data-id=\"a9ead5c\" data-element_type=\"widget\" data-settings=\"{&quot;_animation&quot;:&quot;zoomIn&quot;,&quot;_animation_delay&quot;:200}\" data-widget_type=\"image.default\">\n\t\t\t\t<div class=\"elementor-widget-container\">\n\t\t\t\t\t\t\t\t\t\t\t\t\t<img decoding=\"async\" src=\"https:\/\/www.aqua-soleil.com\/wp-content\/uploads\/elementor\/thumbs\/2-scaled-qy49o1086l3nxu0l23yura2xbdhngcncqn889cjsxs.jpg\" title=\"\" alt=\"img_aquasoleil\" loading=\"lazy\" \/>\t\t\t\t\t\t\t\t\t\t\t\t\t<\/div>\n\t\t\t\t<\/div>\n\t\t\t\t\t<\/div>\n\t\t\t\t<\/div>\n\t\t\t\t\t<\/div>\n\t\t\t\t<\/div>\n\t\t\t\t<\/div>\n\t\t\t\t\t<\/div>\n\t\t\t\t<\/div>\n\t\t<div class=\"elementor-element elementor-element-2f6bbe3 elementor-hidden-desktop elementor-hidden-laptop e-flex e-con-boxed e-con e-parent\" data-id=\"2f6bbe3\" data-element_type=\"container\">\n\t\t\t\t\t<div class=\"e-con-inner\">\n\t\t<div class=\"elementor-element elementor-element-1858ba0 e-con-full e-flex e-con e-child\" data-id=\"1858ba0\" data-element_type=\"container\">\n\t\t\t\t<div class=\"elementor-element elementor-element-63734e3 elementor-invisible elementor-widget elementor-widget-heading\" data-id=\"63734e3\" data-element_type=\"widget\" data-settings=\"{&quot;_animation&quot;:&quot;fadeInUp&quot;}\" data-widget_type=\"heading.default\">\n\t\t\t\t<div class=\"elementor-widget-container\">\n\t\t\t<h1 class=\"elementor-heading-title elementor-size-default\">L'histoire<\/h1>\t\t<\/div>\n\t\t\t\t<\/div>\n\t\t\t\t<div class=\"elementor-element elementor-element-ad60aa5 elementor-invisible elementor-widget elementor-widget-heading\" data-id=\"ad60aa5\" data-element_type=\"widget\" data-settings=\"{&quot;_animation&quot;:&quot;fadeInUp&quot;}\" data-widget_type=\"heading.default\">\n\t\t\t\t<div class=\"elementor-widget-container\">\n\t\t\t<h1 class=\"elementor-heading-title elementor-size-default\">Soleil, mer et sourire<\/h1>\t\t<\/div>\n\t\t\t\t<\/div>\n\t\t\t\t<div class=\"elementor-element elementor-element-8a4ad88 elementor-invisible elementor-widget elementor-widget-text-editor\" data-id=\"8a4ad88\" data-element_type=\"widget\" data-settings=\"{&quot;_animation&quot;:&quot;fadeInUp&quot;}\" data-widget_type=\"text-editor.default\">\n\t\t\t\t<div class=\"elementor-widget-container\">\n\t\t\t\t\t\t\t<p>La c\u00f4te sud-est abrite une grande partie du patrimoine historique de l'\u00eele. Elle s'accompagne de plages de sable fin et d'eaux tranquilles. Elle abrite une faune et une flore \u00e9tonnantes.<\/p><p>Notre voyage a commenc\u00e9 lorsque Canty, Burty et Mike ont d\u00e9cid\u00e9 de partager ce pr\u00e9cieux h\u00e9ritage avec le grand public. Un voyage de 17 ans entrepris avec passion et amour pour l'appel de l'oc\u00e9an. Depuis, des clients du monde entier ont v\u00e9cu des aventures inoubliables. Le tout agr\u00e9ment\u00e9 de la c\u00e9l\u00e8bre hospitalit\u00e9 mauricienne.<\/p><p>Notre exp\u00e9rience nous a permis d'organiser des excursions m\u00e9morables sur cette c\u00f4te historique. Des souvenirs tropicaux sont cr\u00e9\u00e9s. Encore et encore. Caract\u00e9ris\u00e9s par des paysages dignes d'une carte postale. Des histoires riches en histoire, la chaleur de notre \u00e9quipage, une cuisine mauricienne typique pour les gourmets. Et un divertissement local avec des rythmes Sega pour \u00e9mouvoir votre \u00e2me.<\/p>\t\t\t\t\t\t<\/div>\n\t\t\t\t<\/div>\n\t\t\t\t<\/div>\n\t\t<div class=\"elementor-element elementor-element-820b514 e-con-full e-flex e-con e-child\" data-id=\"820b514\" data-element_type=\"container\">\n\t\t\t\t<div class=\"elementor-element elementor-element-5e2bbca elementor-invisible elementor-widget elementor-widget-image\" data-id=\"5e2bbca\" data-element_type=\"widget\" data-settings=\"{&quot;_animation&quot;:&quot;zoomIn&quot;,&quot;_animation_delay&quot;:100}\" data-widget_type=\"image.default\">\n\t\t\t\t<div class=\"elementor-widget-container\">\n\t\t\t\t\t\t\t\t\t\t\t\t\t<img decoding=\"async\" src=\"https:\/\/www.aqua-soleil.com\/wp-content\/uploads\/elementor\/thumbs\/sec3-img3-scaled-qy49o1086l1e3gnfpt90muqvrzoucsqmcp8w5ifwrk.jpg\" title=\"\" alt=\"img_aquasoleil\" loading=\"lazy\" \/>\t\t\t\t\t\t\t\t\t\t\t\t\t<\/div>\n\t\t\t\t<\/div>\n\t\t<div class=\"elementor-element elementor-element-6dcf0d6 e-flex e-con-boxed e-con e-child\" data-id=\"6dcf0d6\" data-element_type=\"container\">\n\t\t\t\t\t<div class=\"e-con-inner\">\n\t\t<div class=\"elementor-element elementor-element-c52bbfe e-flex e-con-boxed e-con e-child\" data-id=\"c52bbfe\" data-element_type=\"container\">\n\t\t\t\t\t<div class=\"e-con-inner\">\n\t\t\t\t<div class=\"elementor-element elementor-element-3b0e7b2 elementor-invisible elementor-widget elementor-widget-image\" data-id=\"3b0e7b2\" data-element_type=\"widget\" data-settings=\"{&quot;_animation&quot;:&quot;zoomIn&quot;,&quot;_animation_delay&quot;:150}\" data-widget_type=\"image.default\">\n\t\t\t\t<div class=\"elementor-widget-container\">\n\t\t\t\t\t\t\t\t\t\t\t\t\t<img decoding=\"async\" src=\"https:\/\/www.aqua-soleil.com\/wp-content\/uploads\/elementor\/thumbs\/1-scaled-qy49o1086l3nxu0l23yura2xbdhngcncqn889cjsxs.jpg\" title=\"\" alt=\"img_aquasoleil\" loading=\"lazy\" \/>\t\t\t\t\t\t\t\t\t\t\t\t\t<\/div>\n\t\t\t\t<\/div>\n\t\t\t\t\t<\/div>\n\t\t\t\t<\/div>\n\t\t<div class=\"elementor-element elementor-element-7d51cb0 e-flex e-con-boxed e-con e-child\" data-id=\"7d51cb0\" data-element_type=\"container\">\n\t\t\t\t\t<div class=\"e-con-inner\">\n\t\t\t\t<div class=\"elementor-element elementor-element-d7ed032 elementor-invisible elementor-widget elementor-widget-image\" data-id=\"d7ed032\" data-element_type=\"widget\" data-settings=\"{&quot;_animation&quot;:&quot;zoomIn&quot;,&quot;_animation_delay&quot;:200}\" data-widget_type=\"image.default\">\n\t\t\t\t<div class=\"elementor-widget-container\">\n\t\t\t\t\t\t\t\t\t\t\t\t\t<img decoding=\"async\" src=\"https:\/\/www.aqua-soleil.com\/wp-content\/uploads\/elementor\/thumbs\/2-scaled-qy49o1086l3nxu0l23yura2xbdhngcncqn889cjsxs.jpg\" title=\"\" alt=\"img_aquasoleil\" loading=\"lazy\" \/>\t\t\t\t\t\t\t\t\t\t\t\t\t<\/div>\n\t\t\t\t<\/div>\n\t\t\t\t\t<\/div>\n\t\t\t\t<\/div>\n\t\t\t\t\t<\/div>\n\t\t\t\t<\/div>\n\t\t\t\t<\/div>\n\t\t\t\t\t<\/div>\n\t\t\t\t<\/div>\n\t\t<div class=\"elementor-element elementor-element-a7fff6f e-flex e-con-boxed e-con e-parent\" data-id=\"a7fff6f\" data-element_type=\"container\" data-settings=\"{&quot;background_background&quot;:&quot;classic&quot;}\">\n\t\t\t\t\t<div class=\"e-con-inner\">\n\t\t\t\t\t<\/div>\n\t\t\t\t<\/div>\n\t\t<div class=\"elementor-element elementor-element-d12eee8 e-flex e-con-boxed e-con e-parent\" data-id=\"d12eee8\" data-element_type=\"container\" data-settings=\"{&quot;background_background&quot;:&quot;classic&quot;}\">\n\t\t\t\t\t<div class=\"e-con-inner\">\n\t\t<div class=\"elementor-element elementor-element-6a23c69 e-con-full e-flex e-con e-child\" data-id=\"6a23c69\" data-element_type=\"container\">\n\t\t\t\t<div class=\"elementor-element elementor-element-cc7c27e elementor-position-top elementor-invisible elementor-widget elementor-widget-image-box\" data-id=\"cc7c27e\" data-element_type=\"widget\" data-settings=\"{&quot;_animation&quot;:&quot;fadeInUp&quot;,&quot;_animation_delay&quot;:100}\" data-widget_type=\"image-box.default\">\n\t\t\t\t<div class=\"elementor-widget-container\">\n\t\t\t<div class=\"elementor-image-box-wrapper\"><figure class=\"elementor-image-box-img\"><img fetchpriority=\"high\" decoding=\"async\" width=\"512\" height=\"512\" src=\"https:\/\/www.aqua-soleil.com\/wp-content\/uploads\/2023\/10\/icon1.png\" class=\"attachment-large size-large wp-image-416\" alt=\"img_aquasoleil\" srcset=\"https:\/\/www.aqua-soleil.com\/wp-content\/uploads\/2023\/10\/icon1.png 512w, https:\/\/www.aqua-soleil.com\/wp-content\/uploads\/2023\/10\/icon1-300x300.png 300w, https:\/\/www.aqua-soleil.com\/wp-content\/uploads\/2023\/10\/icon1-150x150.png 150w\" sizes=\"(max-width: 512px) 100vw, 512px\" \/><\/figure><div class=\"elementor-image-box-content\"><h3 class=\"elementor-image-box-title\">La mission<\/h3><p class=\"elementor-image-box-description\">Notre mission est de faire de votre r\u00eave de croisi\u00e8re une r\u00e9alit\u00e9. Nos fondateurs profitent de la beaut\u00e9 des mers mauriciennes depuis leur enfance. Ils vivent de leur passion et s'engagent \u00e0 la partager avec le monde entier. Le tout dans un cadre idyllique pour cr\u00e9er des souvenirs inoubliables.<\/p><\/div><\/div>\t\t<\/div>\n\t\t\t\t<\/div>\n\t\t\t\t<\/div>\n\t\t<div class=\"elementor-element elementor-element-3615c88 e-con-full e-flex e-con e-child\" data-id=\"3615c88\" data-element_type=\"container\">\n\t\t\t\t<div class=\"elementor-element elementor-element-d4c4034 elementor-position-top elementor-invisible elementor-widget elementor-widget-image-box\" data-id=\"d4c4034\" data-element_type=\"widget\" data-settings=\"{&quot;_animation&quot;:&quot;fadeInUp&quot;,&quot;_animation_delay&quot;:200}\" data-widget_type=\"image-box.default\">\n\t\t\t\t<div class=\"elementor-widget-container\">\n\t\t\t<div class=\"elementor-image-box-wrapper\"><figure class=\"elementor-image-box-img\"><img decoding=\"async\" width=\"512\" height=\"512\" src=\"https:\/\/www.aqua-soleil.com\/wp-content\/uploads\/2023\/10\/icon2.png\" class=\"attachment-large size-large wp-image-417\" alt=\"img_aquasoleil\" srcset=\"https:\/\/www.aqua-soleil.com\/wp-content\/uploads\/2023\/10\/icon2.png 512w, https:\/\/www.aqua-soleil.com\/wp-content\/uploads\/2023\/10\/icon2-300x300.png 300w, https:\/\/www.aqua-soleil.com\/wp-content\/uploads\/2023\/10\/icon2-150x150.png 150w\" sizes=\"(max-width: 512px) 100vw, 512px\" \/><\/figure><div class=\"elementor-image-box-content\"><h3 class=\"elementor-image-box-title\">Valeur<\/h3><p class=\"elementor-image-box-description\">Nous investissons dans notre personnel - c'est lui qui fait l'exp\u00e9rience. Nos guides sont pleinement qualifi\u00e9s, r\u00e9guli\u00e8rement form\u00e9s et, par-dessus tout, ils aiment mener les visites et partager notre culture historique. L'excellence dans la prestation de services, la confiance, la s\u00e9curit\u00e9, la convivialit\u00e9 et les d\u00e9couvertes sont au premier plan. <\/p><\/div><\/div>\t\t<\/div>\n\t\t\t\t<\/div>\n\t\t\t\t<\/div>\n\t\t<div class=\"elementor-element elementor-element-ce8b9f8 e-con-full e-flex e-con e-child\" data-id=\"ce8b9f8\" data-element_type=\"container\">\n\t\t\t\t<div class=\"elementor-element elementor-element-c9f37ce elementor-position-top elementor-invisible elementor-widget elementor-widget-image-box\" data-id=\"c9f37ce\" data-element_type=\"widget\" data-settings=\"{&quot;_animation&quot;:&quot;fadeInUp&quot;,&quot;_animation_delay&quot;:300}\" data-widget_type=\"image-box.default\">\n\t\t\t\t<div class=\"elementor-widget-container\">\n\t\t\t<div class=\"elementor-image-box-wrapper\"><figure class=\"elementor-image-box-img\"><img decoding=\"async\" width=\"512\" height=\"512\" src=\"https:\/\/www.aqua-soleil.com\/wp-content\/uploads\/2023\/10\/icon3.png\" class=\"attachment-large size-large wp-image-418\" alt=\"img_aquasoleil\" srcset=\"https:\/\/www.aqua-soleil.com\/wp-content\/uploads\/2023\/10\/icon3.png 512w, https:\/\/www.aqua-soleil.com\/wp-content\/uploads\/2023\/10\/icon3-300x300.png 300w, https:\/\/www.aqua-soleil.com\/wp-content\/uploads\/2023\/10\/icon3-150x150.png 150w\" sizes=\"(max-width: 512px) 100vw, 512px\" \/><\/figure><div class=\"elementor-image-box-content\"><h3 class=\"elementor-image-box-title\">Vision<\/h3><p class=\"elementor-image-box-description\">Pour offrir une exp\u00e9rience plus d\u00e9contract\u00e9e, nous avons introduit la nouveaut\u00e9 des bateaux de croisi\u00e8re tels que le Cataspeed dans les lagons du sud-est. Et nous avons mis au point notre itin\u00e9raire signature incluant Blue Bay et Trou D'eau Douce, ainsi que les \u00eelots avoisinants. Nous ne cessons d'innover et de nous am\u00e9liorer pour offrir l'escapade tropicale parfaite.<\/p><\/div><\/div>\t\t<\/div>\n\t\t\t\t<\/div>\n\t\t\t\t<\/div>\n\t\t\t\t\t<\/div>\n\t\t\t\t<\/div>\n\t\t<div class=\"elementor-element elementor-element-b56a9c6 e-flex e-con-boxed e-con e-parent\" data-id=\"b56a9c6\" data-element_type=\"container\">\n\t\t\t\t\t<div class=\"e-con-inner\">\n\t\t<div class=\"elementor-element elementor-element-246fa5c e-con-full e-flex e-con e-child\" data-id=\"246fa5c\" data-element_type=\"container\">\n\t\t\t\t<div class=\"elementor-element elementor-element-f5176cb elementor-invisible elementor-widget elementor-widget-image\" data-id=\"f5176cb\" data-element_type=\"widget\" data-settings=\"{&quot;_animation&quot;:&quot;fadeInLeft&quot;}\" data-widget_type=\"image.default\">\n\t\t\t\t<div class=\"elementor-widget-container\">\n\t\t\t\t\t\t\t\t\t\t\t\t\t<img loading=\"lazy\" decoding=\"async\" width=\"800\" height=\"532\" src=\"https:\/\/www.aqua-soleil.com\/wp-content\/uploads\/2023\/10\/4-1024x681.jpg\" class=\"attachment-large size-large wp-image-427\" alt=\"img_aquasoleil\" srcset=\"https:\/\/www.aqua-soleil.com\/wp-content\/uploads\/2023\/10\/4-1024x681.jpg 1024w, https:\/\/www.aqua-soleil.com\/wp-content\/uploads\/2023\/10\/4-300x200.jpg 300w, https:\/\/www.aqua-soleil.com\/wp-content\/uploads\/2023\/10\/4-768x511.jpg 768w, https:\/\/www.aqua-soleil.com\/wp-content\/uploads\/2023\/10\/4-1536x1022.jpg 1536w, https:\/\/www.aqua-soleil.com\/wp-content\/uploads\/2023\/10\/4-2048x1363.jpg 2048w\" sizes=\"(max-width: 800px) 100vw, 800px\" \/>\t\t\t\t\t\t\t\t\t\t\t\t\t<\/div>\n\t\t\t\t<\/div>\n\t\t\t\t<\/div>\n\t\t<div class=\"elementor-element elementor-element-319eedd e-con-full e-flex e-con e-child\" data-id=\"319eedd\" data-element_type=\"container\">\n\t\t\t\t<div class=\"elementor-element elementor-element-72b73cf elementor-invisible elementor-widget elementor-widget-heading\" data-id=\"72b73cf\" data-element_type=\"widget\" data-settings=\"{&quot;_animation&quot;:&quot;fadeInUp&quot;}\" data-widget_type=\"heading.default\">\n\t\t\t\t<div class=\"elementor-widget-container\">\n\t\t\t<h1 class=\"elementor-heading-title elementor-size-default\">Montez \u00e0 bord et\nla vie en bleu<\/h1>\t\t<\/div>\n\t\t\t\t<\/div>\n\t\t\t\t<div class=\"elementor-element elementor-element-d0bc868 elementor-invisible elementor-widget elementor-widget-text-editor\" data-id=\"d0bc868\" data-element_type=\"widget\" data-settings=\"{&quot;_animation&quot;:&quot;fadeInUp&quot;}\" data-widget_type=\"text-editor.default\">\n\t\t\t\t<div class=\"elementor-widget-container\">\n\t\t\t\t\t\t\t<p>Rejoignez-nous \u00e0 bord de nos bateaux de croisi\u00e8re et de vitesse modernes et enti\u00e8rement \u00e9quip\u00e9s, pour vous offrir le meilleur de la c\u00f4te historique du sud-est. Plus qu'une excursion.<\/p><p>Cr\u00e9ez un moment qui m\u00e9rite d'\u00eatre v\u00e9cu mille fois.<\/p>\t\t\t\t\t\t<\/div>\n\t\t\t\t<\/div>\n\t\t\t\t<\/div>\n\t\t\t\t\t<\/div>\n\t\t\t\t<\/div>\n\t\t\t\t<\/div>","protected":false},"excerpt":{"rendered":"<p>The Story Sun, Sea and Smile The southeastern coast boasts a major part of the historical heritage of the island. Paired with the fine sandy beaches and the tranquil waters. Which is home to an amazing fauna and flora. Our journey started when Canty, Burty, and Mike decided to share this precious heritage with the [&hellip;]<\/p>","protected":false},"author":1,"featured_media":0,"parent":0,"menu_order":0,"comment_status":"closed","ping_status":"closed","template":"elementor_header_footer","meta":{"_acf_changed":false,"footnotes":""},"class_list":["post-392","page","type-page","status-publish","hentry"],"acf":[],"_links":{"self":[{"href":"https:\/\/www.aqua-soleil.com\/fr\/wp-json\/wp\/v2\/pages\/392","targetHints":{"allow":["GET"]}}],"collection":[{"href":"https:\/\/www.aqua-soleil.com\/fr\/wp-json\/wp\/v2\/pages"}],"about":[{"href":"https:\/\/www.aqua-soleil.com\/fr\/wp-json\/wp\/v2\/types\/page"}],"author":[{"embeddable":true,"href":"https:\/\/www.aqua-soleil.com\/fr\/wp-json\/wp\/v2\/users\/1"}],"replies":[{"embeddable":true,"href":"https:\/\/www.aqua-soleil.com\/fr\/wp-json\/wp\/v2\/comments?post=392"}],"version-history":[{"count":67,"href":"https:\/\/www.aqua-soleil.com\/fr\/wp-json\/wp\/v2\/pages\/392\/revisions"}],"predecessor-version":[{"id":783,"href":"https:\/\/www.aqua-soleil.com\/fr\/wp-json\/wp\/v2\/pages\/392\/revisions\/783"}],"wp:attachment":[{"href":"https:\/\/www.aqua-soleil.com\/fr\/wp-json\/wp\/v2\/media?parent=392"}],"curies":[{"name":"wp","href":"https:\/\/api.w.org\/{rel}","templated":true}]}}