{"id":631,"date":"2023-10-05T07:40:59","date_gmt":"2023-10-05T07:40:59","guid":{"rendered":"https:\/\/aqua-soleil-com.stackstaging.com\/?page_id=631"},"modified":"2024-03-22T10:23:20","modified_gmt":"2024-03-22T10:23:20","slug":"terms-and-conditions","status":"publish","type":"page","link":"https:\/\/www.aqua-soleil.com\/de\/terms-and-conditions\/","title":{"rendered":"Bedingungen und Konditionen"},"content":{"rendered":"<div data-elementor-type=\"wp-page\" data-elementor-id=\"631\" class=\"elementor elementor-631\" data-elementor-post-type=\"page\">\n\t\t\t\t<div class=\"elementor-element elementor-element-dd5e49d e-flex e-con-boxed e-con e-parent\" data-id=\"dd5e49d\" data-element_type=\"container\" data-settings=\"{&quot;background_background&quot;:&quot;classic&quot;}\">\n\t\t\t\t\t<div class=\"e-con-inner\">\n\t\t\t\t\t<\/div>\n\t\t\t\t<\/div>\n\t\t<div class=\"elementor-element elementor-element-674f601 e-flex e-con-boxed e-con e-parent\" data-id=\"674f601\" data-element_type=\"container\">\n\t\t\t\t\t<div class=\"e-con-inner\">\n\t\t\t\t<div class=\"elementor-element elementor-element-98f7f15 elementor-widget-divider--view-line elementor-invisible elementor-widget elementor-widget-divider\" data-id=\"98f7f15\" data-element_type=\"widget\" data-settings=\"{&quot;_animation&quot;:&quot;fadeInUp&quot;}\" data-widget_type=\"divider.default\">\n\t\t\t\t<div class=\"elementor-widget-container\">\n\t\t\t\t\t<div class=\"elementor-divider\">\n\t\t\t<span class=\"elementor-divider-separator\">\n\t\t\t\t\t\t<\/span>\n\t\t<\/div>\n\t\t\t\t<\/div>\n\t\t\t\t<\/div>\n\t\t\t\t<div class=\"elementor-element elementor-element-a733bb5 elementor-invisible elementor-widget elementor-widget-heading\" data-id=\"a733bb5\" data-element_type=\"widget\" data-settings=\"{&quot;_animation&quot;:&quot;fadeInUp&quot;}\" data-widget_type=\"heading.default\">\n\t\t\t\t<div class=\"elementor-widget-container\">\n\t\t\t<h3 class=\"elementor-heading-title elementor-size-default\">Ganzt\u00e4gig gemeinsam und privat<\/h3>\t\t<\/div>\n\t\t\t\t<\/div>\n\t\t\t\t<div class=\"elementor-element elementor-element-2873de2 elementor-invisible elementor-widget elementor-widget-text-editor\" data-id=\"2873de2\" data-element_type=\"widget\" data-settings=\"{&quot;_animation&quot;:&quot;fadeInUp&quot;}\" data-widget_type=\"text-editor.default\">\n\t\t\t\t<div class=\"elementor-widget-container\">\n\t\t\t\t\t\t\t<p><b>Anmerkung: <\/b><\/p>\n<ul>\n<li>Alle Tarife k\u00f6nnen im Falle eines starken Anstiegs der Kraftstoffpreise und\/oder unvorhergesehener wirtschaftlicher Umst\u00e4nde ge\u00e4ndert werden.<\/li>\n<\/ul>\n<ul>\n<li>Die Reiseroute kann aufgrund ung\u00fcnstiger Wetter- und\/oder Seebedingungen zur Sicherheit der Kunden ge\u00e4ndert werden.<\/li>\n<li>Im Falle einer extremen Ebbe am Morgen, die auftreten kann, wird die Abfahrt von Pointe. D'Esny statt Le Chaland und der erste Schnorchelstopp findet in Trou Moutou statt in Blue Bay statt (dies wird am Tag vor dem Ausflug mitgeteilt).<\/li>\n<\/ul>\n<ul>\n<li>Bei gemeinsamer Nutzung betr\u00e4gt die Mindestteilnehmerzahl auf dem Schnellboot 8 Erwachsene und auf dem Kataspeed<br>12 Erwachsene.<\/li>\n<li>Alle Men\u00fcw\u00fcnsche und di\u00e4tetischen Einschr\u00e4nkungen sollten bei der Buchung mitgeteilt werden.<\/li>\n<li>An Bord zur Verf\u00fcgung gestellt: Schwimmwesten, Schnorchelausr\u00fcstung (Masken und Schl\u00e4uche).<\/li>\n<li>Mitzubringen: Sonnencreme, Handt\u00fccher, Badebekleidung, Sonnenbrille, H\u00fcte.<\/li>\n<li style=\"font-size: 16px;\">Im Falle einer Schwangerschaft bei der Buchung zu melden.<\/li>\n<li style=\"font-size: 16px;\">F\u00fcr jede weitere Person wird ein Aufpreis erhoben.<\/li>\n<\/ul>\t\t\t\t\t\t<\/div>\n\t\t\t\t<\/div>\n\t\t\t\t<div class=\"elementor-element elementor-element-15d7b97 elementor-invisible elementor-widget elementor-widget-heading\" data-id=\"15d7b97\" data-element_type=\"widget\" data-settings=\"{&quot;_animation&quot;:&quot;fadeInUp&quot;}\" data-widget_type=\"heading.default\">\n\t\t\t\t<div class=\"elementor-widget-container\">\n\t\t\t<h1 class=\"elementor-heading-title elementor-size-default\">Stornierungspolitik<\/h1>\t\t<\/div>\n\t\t\t\t<\/div>\n\t\t\t\t<div class=\"elementor-element elementor-element-674bea9 elementor-widget-divider--view-line elementor-invisible elementor-widget elementor-widget-divider\" data-id=\"674bea9\" data-element_type=\"widget\" data-settings=\"{&quot;_animation&quot;:&quot;fadeInUp&quot;}\" data-widget_type=\"divider.default\">\n\t\t\t\t<div class=\"elementor-widget-container\">\n\t\t\t\t\t<div class=\"elementor-divider\">\n\t\t\t<span class=\"elementor-divider-separator\">\n\t\t\t\t\t\t<\/span>\n\t\t<\/div>\n\t\t\t\t<\/div>\n\t\t\t\t<\/div>\n\t\t\t\t<div class=\"elementor-element elementor-element-919184e elementor-invisible elementor-widget elementor-widget-heading\" data-id=\"919184e\" data-element_type=\"widget\" data-settings=\"{&quot;_animation&quot;:&quot;fadeInUp&quot;}\" data-widget_type=\"heading.default\">\n\t\t\t\t<div class=\"elementor-widget-container\">\n\t\t\t<h3 class=\"elementor-heading-title elementor-size-default\">Stornierung durch Kunden<\/h3>\t\t<\/div>\n\t\t\t\t<\/div>\n\t\t\t\t<div class=\"elementor-element elementor-element-b59a080 elementor-invisible elementor-widget elementor-widget-heading\" data-id=\"b59a080\" data-element_type=\"widget\" data-settings=\"{&quot;_animation&quot;:&quot;fadeInUp&quot;}\" data-widget_type=\"heading.default\">\n\t\t\t\t<div class=\"elementor-widget-container\">\n\t\t\t<h5 class=\"elementor-heading-title elementor-size-default\">Auf Sharing-Basis<\/h5>\t\t<\/div>\n\t\t\t\t<\/div>\n\t\t\t\t<div class=\"elementor-element elementor-element-65f9439 elementor-invisible elementor-widget elementor-widget-text-editor\" data-id=\"65f9439\" data-element_type=\"widget\" data-settings=\"{&quot;_animation&quot;:&quot;fadeInUp&quot;}\" data-widget_type=\"text-editor.default\">\n\t\t\t\t<div class=\"elementor-widget-container\">\n\t\t\t\t\t\t\t<ul><li>Bei Stornierung am Vorabend des Ausflugs vor 12.00 Uhr: 50% Stornogeb\u00fchren ODER die M\u00f6glichkeit, den Ausflug auf einen anderen Tag zu verlegen.<\/li><\/ul><ul><li>Bei Stornierung am Vorabend der Exkursion nach 12.00 Uhr: 100% Stornogeb\u00fchren fallen an.<\/li><li>Bei Stornierung am selben Tag des Ausflugs und im Falle von No-Show: Es fallen 100% Stornogeb\u00fchren an.<\/li><li>Wenn die Wetterbedingungen f\u00fcr die Kunden nicht geeignet sind, wird eine Stornogeb\u00fchr von 100% erhoben.<\/li><\/ul>\t\t\t\t\t\t<\/div>\n\t\t\t\t<\/div>\n\t\t\t\t<div class=\"elementor-element elementor-element-5de1fa5 elementor-invisible elementor-widget elementor-widget-heading\" data-id=\"5de1fa5\" data-element_type=\"widget\" data-settings=\"{&quot;_animation&quot;:&quot;fadeInUp&quot;}\" data-widget_type=\"heading.default\">\n\t\t\t\t<div class=\"elementor-widget-container\">\n\t\t\t<h5 class=\"elementor-heading-title elementor-size-default\">Private Basis<\/h5>\t\t<\/div>\n\t\t\t\t<\/div>\n\t\t\t\t<div class=\"elementor-element elementor-element-a6c7cd9 elementor-invisible elementor-widget elementor-widget-text-editor\" data-id=\"a6c7cd9\" data-element_type=\"widget\" data-settings=\"{&quot;_animation&quot;:&quot;fadeInUp&quot;}\" data-widget_type=\"text-editor.default\">\n\t\t\t\t<div class=\"elementor-widget-container\">\n\t\t\t\t\t\t\t<ul><li>Bei Stornierung 2 Tage vor dem Ausflugstermin: 50% Stornogeb\u00fchren werden f\u00e4llig.<\/li><li>Bei Stornierung am Vorabend der Exkursion vor 12.00 Uhr: 75% Stornogeb\u00fchren fallen an.<\/li><li>Bei Stornierung am Vorabend der Exkursion nach 12.00 Uhr: 100% Stornogeb\u00fchren fallen an.<\/li><li>Bei Stornierung am selben Tag der Exkursion und No-Show: Es werden 100% Stornogeb\u00fchren f\u00e4llig.<\/li><li>Wenn die Wetterbedingungen nicht geeignet sind <b>F\u00dcR KUNDEN<\/b>: 100% Stornogeb\u00fchren.<\/li><\/ul>\t\t\t\t\t\t<\/div>\n\t\t\t\t<\/div>\n\t\t\t\t<div class=\"elementor-element elementor-element-065008c elementor-invisible elementor-widget elementor-widget-heading\" data-id=\"065008c\" data-element_type=\"widget\" data-settings=\"{&quot;_animation&quot;:&quot;fadeInUp&quot;}\" data-widget_type=\"heading.default\">\n\t\t\t\t<div class=\"elementor-widget-container\">\n\t\t\t<h3 class=\"elementor-heading-title elementor-size-default\">Stornierung durch Aqua Soleil<\/h3>\t\t<\/div>\n\t\t\t\t<\/div>\n\t\t\t\t<div class=\"elementor-element elementor-element-00c2bc8 elementor-invisible elementor-widget elementor-widget-text-editor\" data-id=\"00c2bc8\" data-element_type=\"widget\" data-settings=\"{&quot;_animation&quot;:&quot;fadeInUp&quot;}\" data-widget_type=\"text-editor.default\">\n\t\t\t\t<div class=\"elementor-widget-container\">\n\t\t\t\t\t\t\t<ul><li>Sollten die Dienstleistungen von Aqua Soleil aufgrund eines technischen Problems oder ung\u00fcnstiger Wetterbedingungen vor Beginn des Ausflugs storniert werden, wird den Kunden angeboten, den Ausflug ohne zus\u00e4tzliche Kosten neu zu buchen. Alternativ werden den Kunden 100% zur\u00fcckerstattet.<\/li><li>Aqua Soleil beh\u00e4lt sich das Recht vor, den Ausflug aufgrund ung\u00fcnstiger Wetterbedingungen zu verschieben. Sie haben keinen Anspruch auf Entsch\u00e4digung f\u00fcr eine solche Verschiebung.<\/li><\/ul>\t\t\t\t\t\t<\/div>\n\t\t\t\t<\/div>\n\t\t\t\t<div class=\"elementor-element elementor-element-a65be9b elementor-invisible elementor-widget elementor-widget-heading\" data-id=\"a65be9b\" data-element_type=\"widget\" data-settings=\"{&quot;_animation&quot;:&quot;fadeInUp&quot;}\" data-widget_type=\"heading.default\">\n\t\t\t\t<div class=\"elementor-widget-container\">\n\t\t\t<h5 class=\"elementor-heading-title elementor-size-default\">Was Sie mitbringen sollten<\/h5>\t\t<\/div>\n\t\t\t\t<\/div>\n\t\t\t\t<div class=\"elementor-element elementor-element-51a1cf7 elementor-invisible elementor-widget elementor-widget-text-editor\" data-id=\"51a1cf7\" data-element_type=\"widget\" data-settings=\"{&quot;_animation&quot;:&quot;fadeInUp&quot;}\" data-widget_type=\"text-editor.default\">\n\t\t\t\t<div class=\"elementor-widget-container\">\n\t\t\t\t\t\t\t<p>Bringen Sie Sonnencreme, Handt\u00fccher, Badebekleidung, Sonnenbrillen und H\u00fcte mit.<\/p>\t\t\t\t\t\t<\/div>\n\t\t\t\t<\/div>\n\t\t\t\t\t<\/div>\n\t\t\t\t<\/div>\n\t\t\t\t<\/div>","protected":false},"excerpt":{"rendered":"<p>Full Day Sharing and Private Note: All rates are subject to change in case of a major increase in fuel prices and\/or unforeseen economic circumstances. The itinerary can be amended due to unfavourable weather and\/or sea conditions for clients\u2019 safety. In case of morning extreme low sea tide which may occur, the departure will be [&hellip;]<\/p>","protected":false},"author":1,"featured_media":0,"parent":0,"menu_order":0,"comment_status":"closed","ping_status":"closed","template":"elementor_header_footer","meta":{"_acf_changed":false,"footnotes":""},"class_list":["post-631","page","type-page","status-publish","hentry"],"acf":[],"_links":{"self":[{"href":"https:\/\/www.aqua-soleil.com\/de\/wp-json\/wp\/v2\/pages\/631","targetHints":{"allow":["GET"]}}],"collection":[{"href":"https:\/\/www.aqua-soleil.com\/de\/wp-json\/wp\/v2\/pages"}],"about":[{"href":"https:\/\/www.aqua-soleil.com\/de\/wp-json\/wp\/v2\/types\/page"}],"author":[{"embeddable":true,"href":"https:\/\/www.aqua-soleil.com\/de\/wp-json\/wp\/v2\/users\/1"}],"replies":[{"embeddable":true,"href":"https:\/\/www.aqua-soleil.com\/de\/wp-json\/wp\/v2\/comments?post=631"}],"version-history":[{"count":52,"href":"https:\/\/www.aqua-soleil.com\/de\/wp-json\/wp\/v2\/pages\/631\/revisions"}],"predecessor-version":[{"id":1065,"href":"https:\/\/www.aqua-soleil.com\/de\/wp-json\/wp\/v2\/pages\/631\/revisions\/1065"}],"wp:attachment":[{"href":"https:\/\/www.aqua-soleil.com\/de\/wp-json\/wp\/v2\/media?parent=631"}],"curies":[{"name":"wp","href":"https:\/\/api.w.org\/{rel}","templated":true}]}}