{"id":601,"date":"2023-10-05T06:57:34","date_gmt":"2023-10-05T06:57:34","guid":{"rendered":"https:\/\/aqua-soleil-com.stackstaging.com\/?page_id=601"},"modified":"2024-12-05T02:37:54","modified_gmt":"2024-12-05T02:37:54","slug":"half-day-private","status":"publish","type":"page","link":"https:\/\/www.aqua-soleil.com\/de\/half-day-private\/","title":{"rendered":"Halbtags Privat"},"content":{"rendered":"<div data-elementor-type=\"wp-page\" data-elementor-id=\"601\" class=\"elementor elementor-601\" data-elementor-post-type=\"page\">\n\t\t\t\t<div class=\"elementor-element elementor-element-6b02931 e-flex e-con-boxed e-con e-parent\" data-id=\"6b02931\" data-element_type=\"container\" data-settings=\"{&quot;background_background&quot;:&quot;classic&quot;}\">\n\t\t\t\t\t<div class=\"e-con-inner\">\n\t\t\t\t\t<\/div>\n\t\t\t\t<\/div>\n\t\t<div class=\"elementor-element elementor-element-d820462 e-flex e-con-boxed e-con e-parent\" data-id=\"d820462\" data-element_type=\"container\">\n\t\t\t\t\t<div class=\"e-con-inner\">\n\t\t\t\t<div class=\"elementor-element elementor-element-130668d elementor-invisible elementor-widget elementor-widget-heading\" data-id=\"130668d\" data-element_type=\"widget\" data-settings=\"{&quot;_animation&quot;:&quot;fadeInUp&quot;}\" data-widget_type=\"heading.default\">\n\t\t\t\t<div class=\"elementor-widget-container\">\n\t\t\t<h1 class=\"elementor-heading-title elementor-size-default\">Ihr Reiseziel<\/h1>\t\t<\/div>\n\t\t\t\t<\/div>\n\t\t\t\t\t<\/div>\n\t\t\t\t<\/div>\n\t\t<div class=\"elementor-element elementor-element-0726307 e-flex e-con-boxed e-con e-parent\" data-id=\"0726307\" data-element_type=\"container\">\n\t\t\t\t\t<div class=\"e-con-inner\">\n\t\t<div class=\"elementor-element elementor-element-68c0308 e-con-full e-flex e-con e-child\" data-id=\"68c0308\" data-element_type=\"container\">\n\t\t\t\t<div class=\"elementor-element elementor-element-1d9da4e elementor-invisible elementor-widget elementor-widget-image\" data-id=\"1d9da4e\" data-element_type=\"widget\" data-settings=\"{&quot;_animation&quot;:&quot;zoomIn&quot;,&quot;_animation_delay&quot;:100}\" data-widget_type=\"image.default\">\n\t\t\t\t<div class=\"elementor-widget-container\">\n\t\t\t\t\t\t\t\t\t\t\t\t\t<img fetchpriority=\"high\" decoding=\"async\" width=\"550\" height=\"600\" src=\"https:\/\/www.aqua-soleil.com\/wp-content\/uploads\/2023\/10\/Half-Day-Private-main-image.jpg\" class=\"attachment-full size-full wp-image-741\" alt=\"img_aquasoleil\" srcset=\"https:\/\/www.aqua-soleil.com\/wp-content\/uploads\/2023\/10\/Half-Day-Private-main-image.jpg 550w, https:\/\/www.aqua-soleil.com\/wp-content\/uploads\/2023\/10\/Half-Day-Private-main-image-275x300.jpg 275w\" sizes=\"(max-width: 550px) 100vw, 550px\" \/>\t\t\t\t\t\t\t\t\t\t\t\t\t<\/div>\n\t\t\t\t<\/div>\n\t\t\t\t<\/div>\n\t\t<div class=\"elementor-element elementor-element-2c3f850 e-con-full e-flex e-con e-child\" data-id=\"2c3f850\" data-element_type=\"container\">\n\t\t\t\t<div class=\"elementor-element elementor-element-ebde041 elementor-invisible elementor-widget elementor-widget-text-editor\" data-id=\"ebde041\" data-element_type=\"widget\" data-settings=\"{&quot;_animation&quot;:&quot;fadeInUp&quot;}\" data-widget_type=\"text-editor.default\">\n\t\t\t\t<div class=\"elementor-widget-container\">\n\t\t\t\t\t\t\t<p>Eine kurze Reise, aber kein Mangel an Action. Machen Sie das Beste aus Ihrer Zeit auf See mit einem exklusiven Erlebnis. W\u00e4hlen Sie Ihre eigene Begleitung und schaffen Sie Erinnerungen f\u00fcrs Leben. Es ist das ideale Paket f\u00fcr eine ganz private Reise, wenn Sie sich rar machen. Einschlie\u00dflich einer ma\u00dfgeschneiderten Reiseroute und einem Mittagessen mit Herz und Seele nur mit Ihren Leuten.<\/p>\t\t\t\t\t\t<\/div>\n\t\t\t\t<\/div>\n\t\t<div class=\"elementor-element elementor-element-1776f66 e-flex e-con-boxed e-con e-child\" data-id=\"1776f66\" data-element_type=\"container\">\n\t\t\t\t\t<div class=\"e-con-inner\">\n\t\t<div class=\"elementor-element elementor-element-21064bb e-flex e-con-boxed e-con e-child\" data-id=\"21064bb\" data-element_type=\"container\">\n\t\t\t\t\t<div class=\"e-con-inner\">\n\t\t\t\t<div class=\"elementor-element elementor-element-6f4db0b elementor-position-left img-style elementor-vertical-align-top elementor-invisible elementor-widget elementor-widget-image-box\" data-id=\"6f4db0b\" data-element_type=\"widget\" data-settings=\"{&quot;_animation&quot;:&quot;fadeInUp&quot;}\" data-widget_type=\"image-box.default\">\n\t\t\t\t<div class=\"elementor-widget-container\">\n\t\t\t<div class=\"elementor-image-box-wrapper\"><figure class=\"elementor-image-box-img\"><img decoding=\"async\" width=\"512\" height=\"512\" src=\"https:\/\/www.aqua-soleil.com\/wp-content\/uploads\/2023\/10\/icon1-1.png\" class=\"attachment-full size-full wp-image-512\" alt=\"img_aquasoleil\" srcset=\"https:\/\/www.aqua-soleil.com\/wp-content\/uploads\/2023\/10\/icon1-1.png 512w, https:\/\/www.aqua-soleil.com\/wp-content\/uploads\/2023\/10\/icon1-1-300x300.png 300w, https:\/\/www.aqua-soleil.com\/wp-content\/uploads\/2023\/10\/icon1-1-150x150.png 150w\" sizes=\"(max-width: 512px) 100vw, 512px\" \/><\/figure><div class=\"elementor-image-box-content\"><h4 class=\"elementor-image-box-title\">Kapazit\u00e4t<br>12<\/h4><\/div><\/div>\t\t<\/div>\n\t\t\t\t<\/div>\n\t\t\t\t\t<\/div>\n\t\t\t\t<\/div>\n\t\t<div class=\"elementor-element elementor-element-5f56b62 e-flex e-con-boxed e-con e-child\" data-id=\"5f56b62\" data-element_type=\"container\">\n\t\t\t\t\t<div class=\"e-con-inner\">\n\t\t\t\t<div class=\"elementor-element elementor-element-7220968 elementor-position-left img-style elementor-vertical-align-top elementor-invisible elementor-widget elementor-widget-image-box\" data-id=\"7220968\" data-element_type=\"widget\" data-settings=\"{&quot;_animation&quot;:&quot;fadeInUp&quot;}\" data-widget_type=\"image-box.default\">\n\t\t\t\t<div class=\"elementor-widget-container\">\n\t\t\t<div class=\"elementor-image-box-wrapper\"><figure class=\"elementor-image-box-img\"><img decoding=\"async\" width=\"512\" height=\"512\" src=\"https:\/\/www.aqua-soleil.com\/wp-content\/uploads\/2023\/10\/icon2-1.png\" class=\"attachment-full size-full wp-image-513\" alt=\"img_aquasoleil\" srcset=\"https:\/\/www.aqua-soleil.com\/wp-content\/uploads\/2023\/10\/icon2-1.png 512w, https:\/\/www.aqua-soleil.com\/wp-content\/uploads\/2023\/10\/icon2-1-300x300.png 300w, https:\/\/www.aqua-soleil.com\/wp-content\/uploads\/2023\/10\/icon2-1-150x150.png 150w\" sizes=\"(max-width: 512px) 100vw, 512px\" \/><\/figure><div class=\"elementor-image-box-content\"><h4 class=\"elementor-image-box-title\">Dauer<br>09h bis 12h30 oder 13h30 bis 17h00<\/h4><\/div><\/div>\t\t<\/div>\n\t\t\t\t<\/div>\n\t\t\t\t\t<\/div>\n\t\t\t\t<\/div>\n\t\t\t\t\t<\/div>\n\t\t\t\t<\/div>\n\t\t\t\t<\/div>\n\t\t\t\t\t<\/div>\n\t\t\t\t<\/div>\n\t\t<div class=\"elementor-element elementor-element-11f2ed4 e-con-full e-flex e-con e-parent\" data-id=\"11f2ed4\" data-element_type=\"container\">\n\t\t\t\t<div class=\"elementor-element elementor-element-d05c5bb elementor-invisible elementor-widget elementor-widget-heading\" data-id=\"d05c5bb\" data-element_type=\"widget\" data-settings=\"{&quot;_animation&quot;:&quot;fadeInUp&quot;}\" data-widget_type=\"heading.default\">\n\t\t\t\t<div class=\"elementor-widget-container\">\n\t\t\t<h2 class=\"elementor-heading-title elementor-size-default\">Buchen Sie Ihr Erlebnis online<\/h2>\t\t<\/div>\n\t\t\t\t<\/div>\n\t\t\t\t<div class=\"elementor-element elementor-element-3c73c3f elementor-widget elementor-widget-html\" data-id=\"3c73c3f\" data-element_type=\"widget\" data-widget_type=\"html.default\">\n\t\t\t\t<div class=\"elementor-widget-container\">\n\t\t\t<div class=\"bokunWidget\" data-src=\"https:\/\/widgets.bokun.io\/online-sales\/87fd4b95-63ea-49d1-9968-029ad011e245\/experience\/939308\"><\/div> <noscript>Bitte aktivieren Sie Javascript in Ihrem Browser, um zu buchen<\/noscript>\t\t<\/div>\n\t\t\t\t<\/div>\n\t\t\t\t<div class=\"elementor-element elementor-element-50b773a elementor-align-center elementor-widget elementor-widget-button\" data-id=\"50b773a\" data-element_type=\"widget\" data-widget_type=\"button.default\">\n\t\t\t\t<div class=\"elementor-widget-container\">\n\t\t\t\t\t<div class=\"elementor-button-wrapper\">\n\t\t\t<a class=\"elementor-button elementor-button-link elementor-size-sm\" href=\"#discover-more\">\n\t\t\t\t\t\t<span class=\"elementor-button-content-wrapper\">\n\t\t\t\t\t\t\t\t\t<span class=\"elementor-button-text\">MEHR ERLEBNISSE ENTDECKEN<\/span>\n\t\t\t\t\t<\/span>\n\t\t\t\t\t<\/a>\n\t\t<\/div>\n\t\t\t\t<\/div>\n\t\t\t\t<\/div>\n\t\t\t\t<\/div>\n\t\t<div class=\"elementor-element elementor-element-822c19b elementor-hidden-desktop elementor-hidden-laptop elementor-hidden-tablet elementor-hidden-mobile e-flex e-con-boxed e-con e-parent\" data-id=\"822c19b\" data-element_type=\"container\">\n\t\t\t\t\t<div class=\"e-con-inner\">\n\t\t\t\t\t<\/div>\n\t\t\t\t<\/div>\n\t\t<div class=\"elementor-element elementor-element-3432420 e-flex e-con-boxed e-con e-parent\" data-id=\"3432420\" data-element_type=\"container\">\n\t\t\t\t\t<div class=\"e-con-inner\">\n\t\t\t\t<div class=\"elementor-element elementor-element-41d08ce elementor-widget elementor-widget-heading\" data-id=\"41d08ce\" data-element_type=\"widget\" data-widget_type=\"heading.default\">\n\t\t\t\t<div class=\"elementor-widget-container\">\n\t\t\t<h4 class=\"elementor-heading-title elementor-size-default\">Beschreibung<\/h4>\t\t<\/div>\n\t\t\t\t<\/div>\n\t\t\t\t<div class=\"elementor-element elementor-element-76389e0 elementor-widget elementor-widget-text-editor\" data-id=\"76389e0\" data-element_type=\"widget\" data-widget_type=\"text-editor.default\">\n\t\t\t\t<div class=\"elementor-widget-container\">\n\t\t\t\t\t\t\t<ul><li>Alle di\u00e4tetischen Einschr\u00e4nkungen sollten bei der Buchung mitgeteilt werden.<\/li><li>An Bord zur Verf\u00fcgung gestellt: Schwimmwesten, Schnorchelausr\u00fcstung (Masken und Wannen).<\/li><li>Zu bringen: Sonnencreme, Handt\u00fccher, Badebekleidung, Sonnenbrille, H\u00fcte.<\/li><li>Tauchen Sie ein in das ruhige Wasser und g\u00f6nnen Sie sich danach einen Schluck unserer erfrischenden Getr\u00e4nke, die an Bord serviert werden.<\/li><\/ul>\t\t\t\t\t\t<\/div>\n\t\t\t\t<\/div>\n\t\t\t\t\t<\/div>\n\t\t\t\t<\/div>\n\t\t<div class=\"elementor-element elementor-element-720d646 e-flex e-con-boxed e-con e-parent\" data-id=\"720d646\" data-element_type=\"container\">\n\t\t\t\t\t<div class=\"e-con-inner\">\n\t\t\t\t<div class=\"elementor-element elementor-element-c6ad208 elementor-hidden-desktop elementor-hidden-laptop elementor-hidden-tablet elementor-hidden-mobile elementor-widget elementor-widget-html\" data-id=\"c6ad208\" data-element_type=\"widget\" data-widget_type=\"html.default\">\n\t\t\t\t<div class=\"elementor-widget-container\">\n\t\t\t<script type=\"text\/javascript\">\n\n \n \/\/ Get all checkboxes with the specified name\n            var checkboxes = document.querySelectorAll('input[name=\"checkbox_custom-561[]\"]');\n\n            \/\/ Add event listener for change event to each checkbox\n            checkboxes.forEach(function(checkbox) {\n                checkbox.addEventListener('change', function() {\n                    console.log('Checkbox changed:', checkbox.value);\n\n                    if (checkbox.value.includes('30 Feet Boat')) {\n                        if (checkbox.checked) {\n                            \/\/ Update the value of the second checkbox when it is checked\n                            checkbox.value = \"24000|30 Feet Boat (Boat with Toilet Facilities for 8 persons- bareboat Rs. 24,000)\";\n                        }\n                    }\n                });\n            });\n<\/script>\t\t<\/div>\n\t\t\t\t<\/div>\n\t\t\t\t\t<\/div>\n\t\t\t\t<\/div>\n\t\t<div class=\"elementor-element elementor-element-437bdf3 e-flex e-con-boxed e-con e-parent\" data-id=\"437bdf3\" data-element_type=\"container\">\n\t\t\t\t\t<div class=\"e-con-inner\">\n\t\t\t\t<div class=\"elementor-element elementor-element-467cd71 elementor-invisible elementor-widget elementor-widget-heading\" data-id=\"467cd71\" data-element_type=\"widget\" data-settings=\"{&quot;_animation&quot;:&quot;fadeInUp&quot;}\" data-widget_type=\"heading.default\">\n\t\t\t\t<div class=\"elementor-widget-container\">\n\t\t\t<h2 class=\"elementor-heading-title elementor-size-default\">Ein paar Worte von unseren G\u00e4sten...<\/h2>\t\t<\/div>\n\t\t\t\t<\/div>\n\t\t\t\t<div class=\"elementor-element elementor-element-6a90d2d elementor-widget elementor-widget-html\" data-id=\"6a90d2d\" data-element_type=\"widget\" data-widget_type=\"html.default\">\n\t\t\t\t<div class=\"elementor-widget-container\">\n\t\t\t<div id=\"wid_1732752665317\"><\/div>\r\n<script>\r\nsc = document.createElement(\"script\");\r\nsc.setAttribute(\"defer\",true);\r\nsc.setAttribute(\"src\",\"https:\/\/dbwx2z9xa7qt9.cloudfront.net\/bundle.js?cachebust=1732752665317\");\r\nsc.setAttribute(\"theme\",\"light\");\r\nsc.setAttribute(\"footer\", \"true\"); \r\nsc.setAttribute(\"widget-type\",\"feed\");\r\nsc.setAttribute(\"token\",\"6747b3f92b88d39a679f1ba7\");\r\nsc.setAttribute('apiurl', \"https:\/\/server.onlinereviews.tech\/api\/v0.0.9\");\r\nsc.setAttribute('stats',\"true\");\r\nsc.setAttribute('addReview',\"false\");\r\nsc.setAttribute('profile-pic',\"true\");\r\nsc.setAttribute('review-name',\"true\");\r\nsc.setAttribute('positive-stars',\"true\");\r\nsc.setAttribute('wl', \"true\");\r\nsc.setAttribute('wlndig', \"https:\/\/your.voice.mu\/aqs\");\r\nsc.setAttribute('lang', \"us\");\r\nsc.setAttribute('brandStyle', \"%7B%22sidebar_background%22%3A%22%230e0744%22%2C%22sidebar_text%22%3A%22white%22%2C%22brand_button_text_color%22%3A%22white%22%2C%22brand_main_color%22%3A%22%23000000%22%2C%22brand_button_border_radius%22%3A%228px%22%2C%22brand_sidebar_text_color_opacity%22%3A%22%23ffffff1a%22%2C%22brand_button_hover%22%3A%22rgb(0%2C%200%2C%200)%22%2C%22brand_button_active%22%3A%22rgb(0%2C%200%2C%200)%22%2C%22brand_main_color_opacity%22%3A%22%230000001a%22%2C%22brand_font%22%3A%22Montserrat%22%2C%22star_color%22%3A%22%23ed5a25%22%2C%22brand_main_background%22%3A%22%23F6F8F7%22%2C%22brand_card_background%22%3A%22white%22%2C%22poweredByLink%22%3A%22https%3A%2F%2Fwww.voice.mu%22%2C%22poweredicon%22%3A%22https%3A%2F%2Frecensioni-io-static-folder.s3.eu-central-1.amazonaws.com%2Fpublic_onlinereviews%2Ffreemium%2F63d3d3e8bb4e175cc3deb04b%2Fpowered.png%22%7D\");\r\ndocument.getElementById(\"wid_1732752665317\").appendChild(sc);\r\n<\/script>\t\t<\/div>\n\t\t\t\t<\/div>\n\t\t\t\t\t<\/div>\n\t\t\t\t<\/div>\n\t\t<div class=\"elementor-element elementor-element-4d964fd e-con-full e-flex e-con e-parent\" data-id=\"4d964fd\" data-element_type=\"container\">\n\t\t\t\t<div class=\"elementor-element elementor-element-8244280 elementor-invisible elementor-widget elementor-widget-heading\" data-id=\"8244280\" data-element_type=\"widget\" id=\"discover-more\" data-settings=\"{&quot;_animation&quot;:&quot;fadeInUp&quot;}\" data-widget_type=\"heading.default\">\n\t\t\t\t<div class=\"elementor-widget-container\">\n\t\t\t<h2 class=\"elementor-heading-title elementor-size-default\">Mehr entdecken<\/h2>\t\t<\/div>\n\t\t\t\t<\/div>\n\t\t\t\t<div class=\"elementor-element elementor-element-fb822a6 elementor-widget elementor-widget-html\" data-id=\"fb822a6\" data-element_type=\"widget\" data-widget_type=\"html.default\">\n\t\t\t\t<div class=\"elementor-widget-container\">\n\t\t\t    <div class=\"bokunWidget\" data-src=\"https:\/\/widgets.bokun.io\/online-sales\/87fd4b95-63ea-49d1-9968-029ad011e245\/product-list\/83170\"><\/div>\r\n    <noscript>Bitte aktivieren Sie Javascript in Ihrem Browser, um zu buchen<\/noscript>\t\t<\/div>\n\t\t\t\t<\/div>\n\t\t\t\t<\/div>\n\t\t\t\t<\/div>","protected":false},"excerpt":{"rendered":"<p>Ihr Reiseziel Eine kurze Reise, aber kein Mangel an Action. Machen Sie das Beste aus Ihrer Zeit auf See mit einem exklusiven Erlebnis. W\u00e4hlen Sie Ihre eigene Begleitung und schaffen Sie Erinnerungen f\u00fcrs Leben. Es ist das ideale Paket f\u00fcr eine ganz private Reise, wenn Sie sich rar machen. Einschlie\u00dflich einer ma\u00dfgeschneiderten Reiseroute und einem gemeinsamen Mittagessen mit Ihrem [...]<\/p>","protected":false},"author":1,"featured_media":0,"parent":0,"menu_order":0,"comment_status":"closed","ping_status":"closed","template":"elementor_header_footer","meta":{"_acf_changed":false,"footnotes":""},"class_list":["post-601","page","type-page","status-publish","hentry"],"acf":[],"_links":{"self":[{"href":"https:\/\/www.aqua-soleil.com\/de\/wp-json\/wp\/v2\/pages\/601","targetHints":{"allow":["GET"]}}],"collection":[{"href":"https:\/\/www.aqua-soleil.com\/de\/wp-json\/wp\/v2\/pages"}],"about":[{"href":"https:\/\/www.aqua-soleil.com\/de\/wp-json\/wp\/v2\/types\/page"}],"author":[{"embeddable":true,"href":"https:\/\/www.aqua-soleil.com\/de\/wp-json\/wp\/v2\/users\/1"}],"replies":[{"embeddable":true,"href":"https:\/\/www.aqua-soleil.com\/de\/wp-json\/wp\/v2\/comments?post=601"}],"version-history":[{"count":44,"href":"https:\/\/www.aqua-soleil.com\/de\/wp-json\/wp\/v2\/pages\/601\/revisions"}],"predecessor-version":[{"id":1398,"href":"https:\/\/www.aqua-soleil.com\/de\/wp-json\/wp\/v2\/pages\/601\/revisions\/1398"}],"wp:attachment":[{"href":"https:\/\/www.aqua-soleil.com\/de\/wp-json\/wp\/v2\/media?parent=601"}],"curies":[{"name":"wp","href":"https:\/\/api.w.org\/{rel}","templated":true}]}}