{"id":476,"date":"2023-10-04T08:58:57","date_gmt":"2023-10-04T08:58:57","guid":{"rendered":"https:\/\/aqua-soleil-com.stackstaging.com\/?page_id=476"},"modified":"2024-12-05T02:32:07","modified_gmt":"2024-12-05T02:32:07","slug":"speedboat","status":"publish","type":"page","link":"https:\/\/www.aqua-soleil.com\/de\/speedboat\/","title":{"rendered":"SpeedBoat"},"content":{"rendered":"<div data-elementor-type=\"wp-page\" data-elementor-id=\"476\" class=\"elementor elementor-476\" data-elementor-post-type=\"page\">\n\t\t\t\t<div class=\"elementor-element elementor-element-e22413f e-flex e-con-boxed e-con e-parent\" data-id=\"e22413f\" data-element_type=\"container\" data-settings=\"{&quot;background_background&quot;:&quot;classic&quot;}\">\n\t\t\t\t\t<div class=\"e-con-inner\">\n\t\t\t\t\t<\/div>\n\t\t\t\t<\/div>\n\t\t<div class=\"elementor-element elementor-element-3ce8cf0 e-flex e-con-boxed e-con e-parent\" data-id=\"3ce8cf0\" data-element_type=\"container\">\n\t\t\t\t\t<div class=\"e-con-inner\">\n\t\t\t\t<div class=\"elementor-element elementor-element-dbbf313 elementor-invisible elementor-widget elementor-widget-heading\" data-id=\"dbbf313\" data-element_type=\"widget\" data-settings=\"{&quot;_animation&quot;:&quot;fadeInUp&quot;}\" data-widget_type=\"heading.default\">\n\t\t\t\t<div class=\"elementor-widget-container\">\n\t\t\t<h1 class=\"elementor-heading-title elementor-size-default\">Ihr Reiseziel<\/h1>\t\t<\/div>\n\t\t\t\t<\/div>\n\t\t\t\t\t<\/div>\n\t\t\t\t<\/div>\n\t\t<div class=\"elementor-element elementor-element-d87942d e-flex e-con-boxed e-con e-parent\" data-id=\"d87942d\" data-element_type=\"container\">\n\t\t\t\t\t<div class=\"e-con-inner\">\n\t\t<div class=\"elementor-element elementor-element-a3daf16 e-con-full e-flex e-con e-child\" data-id=\"a3daf16\" data-element_type=\"container\">\n\t\t\t\t<div class=\"elementor-element elementor-element-398aa46 elementor-widget elementor-widget-image\" data-id=\"398aa46\" data-element_type=\"widget\" data-widget_type=\"image.default\">\n\t\t\t\t<div class=\"elementor-widget-container\">\n\t\t\t\t\t\t\t\t\t\t\t\t\t<img fetchpriority=\"high\" decoding=\"async\" width=\"548\" height=\"614\" src=\"https:\/\/www.aqua-soleil.com\/wp-content\/uploads\/2023\/10\/1.Aqua-Soleil-template-speedboat-website-29052023.jpg\" class=\"attachment-large size-large wp-image-721\" alt=\"img_aquasoleil\" srcset=\"https:\/\/www.aqua-soleil.com\/wp-content\/uploads\/2023\/10\/1.Aqua-Soleil-template-speedboat-website-29052023.jpg 548w, https:\/\/www.aqua-soleil.com\/wp-content\/uploads\/2023\/10\/1.Aqua-Soleil-template-speedboat-website-29052023-268x300.jpg 268w\" sizes=\"(max-width: 548px) 100vw, 548px\" \/>\t\t\t\t\t\t\t\t\t\t\t\t\t<\/div>\n\t\t\t\t<\/div>\n\t\t\t\t<\/div>\n\t\t<div class=\"elementor-element elementor-element-9346577 e-con-full e-flex e-con e-child\" data-id=\"9346577\" data-element_type=\"container\">\n\t\t\t\t<div class=\"elementor-element elementor-element-d99212a elementor-invisible elementor-widget elementor-widget-heading\" data-id=\"d99212a\" data-element_type=\"widget\" data-settings=\"{&quot;_animation&quot;:&quot;fadeInUp&quot;}\" data-widget_type=\"heading.default\">\n\t\t\t\t<div class=\"elementor-widget-container\">\n\t\t\t<h1 class=\"elementor-heading-title elementor-size-default\">Schnellboot - Ganzer Tag<\/h1>\t\t<\/div>\n\t\t\t\t<\/div>\n\t\t\t\t<div class=\"elementor-element elementor-element-04a76fd elementor-invisible elementor-widget elementor-widget-text-editor\" data-id=\"04a76fd\" data-element_type=\"widget\" data-settings=\"{&quot;_animation&quot;:&quot;fadeInUp&quot;}\" data-widget_type=\"text-editor.default\">\n\t\t\t\t<div class=\"elementor-widget-container\">\n\t\t\t\t\t\t\t<p>Begeben Sie sich auf eine abwechslungsreiche Reise, bei der jedes Ziel atemberaubender ist als das vorherige. Tauchen Sie ein in den Blue Bay Marine Park, der f\u00fcr seine farbenfrohen Meeresbewohner bekannt ist. Was gibt es Besseres als eine kleine Geschichte, um die lebhaften Bilder zu begleiten? Unsere Reiseleiter werden Ihnen die Geschichte der S\u00fcdostk\u00fcste erz\u00e4hlen und Sie aufkl\u00e4ren.<\/p>\t\t\t\t\t\t<\/div>\n\t\t\t\t<\/div>\n\t\t<div class=\"elementor-element elementor-element-bb48e78 e-flex e-con-boxed e-con e-child\" data-id=\"bb48e78\" data-element_type=\"container\">\n\t\t\t\t\t<div class=\"e-con-inner\">\n\t\t<div class=\"elementor-element elementor-element-f82b1f3 e-con-full e-flex e-con e-child\" data-id=\"f82b1f3\" data-element_type=\"container\">\n\t\t<div class=\"elementor-element elementor-element-867e0bd e-flex e-con-boxed e-con e-child\" data-id=\"867e0bd\" data-element_type=\"container\">\n\t\t\t\t\t<div class=\"e-con-inner\">\n\t\t\t\t<div class=\"elementor-element elementor-element-0ead903 elementor-position-left img-style elementor-vertical-align-top elementor-invisible elementor-widget elementor-widget-image-box\" data-id=\"0ead903\" data-element_type=\"widget\" data-settings=\"{&quot;_animation&quot;:&quot;fadeInUp&quot;}\" data-widget_type=\"image-box.default\">\n\t\t\t\t<div class=\"elementor-widget-container\">\n\t\t\t<div class=\"elementor-image-box-wrapper\"><figure class=\"elementor-image-box-img\"><img decoding=\"async\" width=\"512\" height=\"512\" src=\"https:\/\/www.aqua-soleil.com\/wp-content\/uploads\/2023\/10\/icon1-1.png\" class=\"attachment-full size-full wp-image-512\" alt=\"img_aquasoleil\" srcset=\"https:\/\/www.aqua-soleil.com\/wp-content\/uploads\/2023\/10\/icon1-1.png 512w, https:\/\/www.aqua-soleil.com\/wp-content\/uploads\/2023\/10\/icon1-1-300x300.png 300w, https:\/\/www.aqua-soleil.com\/wp-content\/uploads\/2023\/10\/icon1-1-150x150.png 150w\" sizes=\"(max-width: 512px) 100vw, 512px\" \/><\/figure><div class=\"elementor-image-box-content\"><h4 class=\"elementor-image-box-title\">Kapazit\u00e4t<br>12 -14<\/h4><\/div><\/div>\t\t<\/div>\n\t\t\t\t<\/div>\n\t\t\t\t\t<\/div>\n\t\t\t\t<\/div>\n\t\t\t\t<\/div>\n\t\t<div class=\"elementor-element elementor-element-3bc117d e-flex e-con-boxed e-con e-child\" data-id=\"3bc117d\" data-element_type=\"container\">\n\t\t\t\t\t<div class=\"e-con-inner\">\n\t\t\t\t<div class=\"elementor-element elementor-element-479fea0 elementor-position-left img-style elementor-vertical-align-top elementor-invisible elementor-widget elementor-widget-image-box\" data-id=\"479fea0\" data-element_type=\"widget\" data-settings=\"{&quot;_animation&quot;:&quot;fadeInUp&quot;}\" data-widget_type=\"image-box.default\">\n\t\t\t\t<div class=\"elementor-widget-container\">\n\t\t\t<div class=\"elementor-image-box-wrapper\"><figure class=\"elementor-image-box-img\"><img decoding=\"async\" width=\"512\" height=\"512\" src=\"https:\/\/www.aqua-soleil.com\/wp-content\/uploads\/2023\/10\/icon2-1.png\" class=\"attachment-full size-full wp-image-513\" alt=\"img_aquasoleil\" srcset=\"https:\/\/www.aqua-soleil.com\/wp-content\/uploads\/2023\/10\/icon2-1.png 512w, https:\/\/www.aqua-soleil.com\/wp-content\/uploads\/2023\/10\/icon2-1-300x300.png 300w, https:\/\/www.aqua-soleil.com\/wp-content\/uploads\/2023\/10\/icon2-1-150x150.png 150w\" sizes=\"(max-width: 512px) 100vw, 512px\" \/><\/figure><div class=\"elementor-image-box-content\"><h4 class=\"elementor-image-box-title\">Dauer<br>09h00 - 16h30<\/h4><\/div><\/div>\t\t<\/div>\n\t\t\t\t<\/div>\n\t\t\t\t\t<\/div>\n\t\t\t\t<\/div>\n\t\t\t\t\t<\/div>\n\t\t\t\t<\/div>\n\t\t\t\t<\/div>\n\t\t\t\t\t<\/div>\n\t\t\t\t<\/div>\n\t\t<div class=\"elementor-element elementor-element-8001118 e-con-full e-flex e-con e-parent\" data-id=\"8001118\" data-element_type=\"container\">\n\t\t\t\t<div class=\"elementor-element elementor-element-014aaf7 elementor-invisible elementor-widget elementor-widget-heading\" data-id=\"014aaf7\" data-element_type=\"widget\" data-settings=\"{&quot;_animation&quot;:&quot;fadeInUp&quot;}\" data-widget_type=\"heading.default\">\n\t\t\t\t<div class=\"elementor-widget-container\">\n\t\t\t<h2 class=\"elementor-heading-title elementor-size-default\">Buchen Sie Ihr Erlebnis online<\/h2>\t\t<\/div>\n\t\t\t\t<\/div>\n\t\t\t\t<div class=\"elementor-element elementor-element-ac0589b elementor-widget elementor-widget-html\" data-id=\"ac0589b\" data-element_type=\"widget\" data-widget_type=\"html.default\">\n\t\t\t\t<div class=\"elementor-widget-container\">\n\t\t\t    <div class=\"bokunWidget\" data-src=\"https:\/\/widgets.bokun.io\/online-sales\/87fd4b95-63ea-49d1-9968-029ad011e245\/product-list\/83371\"><\/div>\r\n    <noscript>Bitte aktivieren Sie Javascript in Ihrem Browser, um zu buchen<\/noscript>\r\n\t\t<\/div>\n\t\t\t\t<\/div>\n\t\t\t\t<div class=\"elementor-element elementor-element-3f076a3 elementor-align-center elementor-widget elementor-widget-button\" data-id=\"3f076a3\" data-element_type=\"widget\" data-widget_type=\"button.default\">\n\t\t\t\t<div class=\"elementor-widget-container\">\n\t\t\t\t\t<div class=\"elementor-button-wrapper\">\n\t\t\t<a class=\"elementor-button elementor-button-link elementor-size-sm\" href=\"#discover-more\">\n\t\t\t\t\t\t<span class=\"elementor-button-content-wrapper\">\n\t\t\t\t\t\t\t\t\t<span class=\"elementor-button-text\">MEHR ERLEBNISSE ENTDECKEN<\/span>\n\t\t\t\t\t<\/span>\n\t\t\t\t\t<\/a>\n\t\t<\/div>\n\t\t\t\t<\/div>\n\t\t\t\t<\/div>\n\t\t\t\t<\/div>\n\t\t<div class=\"elementor-element elementor-element-1a6fc09 elementor-hidden-desktop elementor-hidden-laptop elementor-hidden-tablet elementor-hidden-mobile e-flex e-con-boxed e-con e-parent\" data-id=\"1a6fc09\" data-element_type=\"container\">\n\t\t\t\t\t<div class=\"e-con-inner\">\n\t\t\t\t\t<\/div>\n\t\t\t\t<\/div>\n\t\t<div class=\"elementor-element elementor-element-f7477d8 e-flex e-con-boxed e-con e-parent\" data-id=\"f7477d8\" data-element_type=\"container\">\n\t\t\t\t\t<div class=\"e-con-inner\">\n\t\t\t\t<div class=\"elementor-element elementor-element-8dd6d7c elementor-widget elementor-widget-heading\" data-id=\"8dd6d7c\" data-element_type=\"widget\" data-widget_type=\"heading.default\">\n\t\t\t\t<div class=\"elementor-widget-container\">\n\t\t\t<h4 class=\"elementor-heading-title elementor-size-default\">Beschreibung<\/h4>\t\t<\/div>\n\t\t\t\t<\/div>\n\t\t\t\t<div class=\"elementor-element elementor-element-567c569 elementor-widget elementor-widget-text-editor\" data-id=\"567c569\" data-element_type=\"widget\" data-widget_type=\"text-editor.default\">\n\t\t\t\t<div class=\"elementor-widget-container\">\n\t\t\t\t\t\t\t<ul><li>Alle di\u00e4tetischen Einschr\u00e4nkungen sollten bei der Buchung mitgeteilt werden.<\/li><li>An Bord zur Verf\u00fcgung gestellt: Schwimmwesten, Schnorchelausr\u00fcstung (Masken und Wannen).<\/li><li>Zu bringen: Sonnencreme, Handt\u00fccher, Badebekleidung, Sonnenbrille, H\u00fcte.<\/li><\/ul>\t\t\t\t\t\t<\/div>\n\t\t\t\t<\/div>\n\t\t\t\t\t<\/div>\n\t\t\t\t<\/div>\n\t\t<div class=\"elementor-element elementor-element-c9fb20a e-flex e-con-boxed e-con e-parent\" data-id=\"c9fb20a\" data-element_type=\"container\">\n\t\t\t\t\t<div class=\"e-con-inner\">\n\t\t\t\t<div class=\"elementor-element elementor-element-59154c6 elementor-hidden-desktop elementor-hidden-laptop elementor-hidden-tablet elementor-hidden-mobile elementor-widget elementor-widget-html\" data-id=\"59154c6\" data-element_type=\"widget\" data-widget_type=\"html.default\">\n\t\t\t\t<div class=\"elementor-widget-container\">\n\t\t\t<script type=\"text\/javascript\">\n\n \n \/\/ Get all checkboxes with the specified name\n            var checkboxes = document.querySelectorAll('input[name=\"checkbox_custom-560[]\"]');\n\n            \/\/ Add event listener for change event to each checkbox\n            checkboxes.forEach(function(checkbox) {\n                checkbox.addEventListener('change', function() {\n                    console.log('Checkbox changed:', checkbox.value);\n\n                    if (checkbox.value.includes('30 Feet Boat')) {\n                        if (checkbox.checked) {\n                            \/\/ Update the value of the second checkbox when it is checked\n                            checkbox.value = \"34000|30 Feet Boat (Boat with Toilet Facilities for 8 persons - bareboat Rs. 34,000)\";\n                        }\n                    }\n                });\n            });\n<\/script>\t\t<\/div>\n\t\t\t\t<\/div>\n\t\t\t\t\t<\/div>\n\t\t\t\t<\/div>\n\t\t<div class=\"elementor-element elementor-element-e201143 e-flex e-con-boxed e-con e-parent\" data-id=\"e201143\" data-element_type=\"container\">\n\t\t\t\t\t<div class=\"e-con-inner\">\n\t\t\t\t<div class=\"elementor-element elementor-element-d238a3e elementor-invisible elementor-widget elementor-widget-heading\" data-id=\"d238a3e\" data-element_type=\"widget\" data-settings=\"{&quot;_animation&quot;:&quot;fadeInUp&quot;}\" data-widget_type=\"heading.default\">\n\t\t\t\t<div class=\"elementor-widget-container\">\n\t\t\t<h2 class=\"elementor-heading-title elementor-size-default\">Ein paar Worte von unseren G\u00e4sten...<\/h2>\t\t<\/div>\n\t\t\t\t<\/div>\n\t\t\t\t<div class=\"elementor-element elementor-element-1a97205 elementor-widget elementor-widget-html\" data-id=\"1a97205\" data-element_type=\"widget\" data-widget_type=\"html.default\">\n\t\t\t\t<div class=\"elementor-widget-container\">\n\t\t\t<div id=\"wid_1732752665317\"><\/div>\r\n<script>\r\nsc = document.createElement(\"script\");\r\nsc.setAttribute(\"defer\",true);\r\nsc.setAttribute(\"src\",\"https:\/\/dbwx2z9xa7qt9.cloudfront.net\/bundle.js?cachebust=1732752665317\");\r\nsc.setAttribute(\"theme\",\"light\");\r\nsc.setAttribute(\"footer\", \"true\"); \r\nsc.setAttribute(\"widget-type\",\"feed\");\r\nsc.setAttribute(\"token\",\"6747b3f92b88d39a679f1ba7\");\r\nsc.setAttribute('apiurl', \"https:\/\/server.onlinereviews.tech\/api\/v0.0.9\");\r\nsc.setAttribute('stats',\"true\");\r\nsc.setAttribute('addReview',\"false\");\r\nsc.setAttribute('profile-pic',\"true\");\r\nsc.setAttribute('review-name',\"true\");\r\nsc.setAttribute('positive-stars',\"true\");\r\nsc.setAttribute('wl', \"true\");\r\nsc.setAttribute('wlndig', \"https:\/\/your.voice.mu\/aqs\");\r\nsc.setAttribute('lang', \"us\");\r\nsc.setAttribute('brandStyle', \"%7B%22sidebar_background%22%3A%22%230e0744%22%2C%22sidebar_text%22%3A%22white%22%2C%22brand_button_text_color%22%3A%22white%22%2C%22brand_main_color%22%3A%22%23000000%22%2C%22brand_button_border_radius%22%3A%228px%22%2C%22brand_sidebar_text_color_opacity%22%3A%22%23ffffff1a%22%2C%22brand_button_hover%22%3A%22rgb(0%2C%200%2C%200)%22%2C%22brand_button_active%22%3A%22rgb(0%2C%200%2C%200)%22%2C%22brand_main_color_opacity%22%3A%22%230000001a%22%2C%22brand_font%22%3A%22Montserrat%22%2C%22star_color%22%3A%22%23ed5a25%22%2C%22brand_main_background%22%3A%22%23F6F8F7%22%2C%22brand_card_background%22%3A%22white%22%2C%22poweredByLink%22%3A%22https%3A%2F%2Fwww.voice.mu%22%2C%22poweredicon%22%3A%22https%3A%2F%2Frecensioni-io-static-folder.s3.eu-central-1.amazonaws.com%2Fpublic_onlinereviews%2Ffreemium%2F63d3d3e8bb4e175cc3deb04b%2Fpowered.png%22%7D\");\r\ndocument.getElementById(\"wid_1732752665317\").appendChild(sc);\r\n<\/script>\t\t<\/div>\n\t\t\t\t<\/div>\n\t\t\t\t\t<\/div>\n\t\t\t\t<\/div>\n\t\t<div class=\"elementor-element elementor-element-0784e9d e-con-full e-flex e-con e-parent\" data-id=\"0784e9d\" data-element_type=\"container\">\n\t\t\t\t<div class=\"elementor-element elementor-element-e0d9a82 elementor-invisible elementor-widget elementor-widget-heading\" data-id=\"e0d9a82\" data-element_type=\"widget\" id=\"discover-more\" data-settings=\"{&quot;_animation&quot;:&quot;fadeInUp&quot;}\" data-widget_type=\"heading.default\">\n\t\t\t\t<div class=\"elementor-widget-container\">\n\t\t\t<h2 class=\"elementor-heading-title elementor-size-default\">Mehr entdecken<\/h2>\t\t<\/div>\n\t\t\t\t<\/div>\n\t\t\t\t<div class=\"elementor-element elementor-element-75a5192 elementor-widget elementor-widget-html\" data-id=\"75a5192\" data-element_type=\"widget\" data-widget_type=\"html.default\">\n\t\t\t\t<div class=\"elementor-widget-container\">\n\t\t\t    <div class=\"bokunWidget\" data-src=\"https:\/\/widgets.bokun.io\/online-sales\/87fd4b95-63ea-49d1-9968-029ad011e245\/product-list\/83170\"><\/div>\r\n    <noscript>Bitte aktivieren Sie Javascript in Ihrem Browser, um zu buchen<\/noscript>\t\t<\/div>\n\t\t\t\t<\/div>\n\t\t\t\t<\/div>\n\t\t\t\t<\/div>","protected":false},"excerpt":{"rendered":"<p>Your Destination Speedboat &#8211; Full Day Travel along a curated journey with each destination more breathtaking than the previous one. Immerse yourself in the Blue Bay Marine Park; renowned for being the home to many colorful sea creatures. What\u2019s better than a little story time to accompany the lively pictures? Our guides will tell the [&hellip;]<\/p>","protected":false},"author":1,"featured_media":0,"parent":0,"menu_order":0,"comment_status":"closed","ping_status":"closed","template":"elementor_header_footer","meta":{"_acf_changed":false,"footnotes":""},"class_list":["post-476","page","type-page","status-publish","hentry"],"acf":[],"_links":{"self":[{"href":"https:\/\/www.aqua-soleil.com\/de\/wp-json\/wp\/v2\/pages\/476","targetHints":{"allow":["GET"]}}],"collection":[{"href":"https:\/\/www.aqua-soleil.com\/de\/wp-json\/wp\/v2\/pages"}],"about":[{"href":"https:\/\/www.aqua-soleil.com\/de\/wp-json\/wp\/v2\/types\/page"}],"author":[{"embeddable":true,"href":"https:\/\/www.aqua-soleil.com\/de\/wp-json\/wp\/v2\/users\/1"}],"replies":[{"embeddable":true,"href":"https:\/\/www.aqua-soleil.com\/de\/wp-json\/wp\/v2\/comments?post=476"}],"version-history":[{"count":166,"href":"https:\/\/www.aqua-soleil.com\/de\/wp-json\/wp\/v2\/pages\/476\/revisions"}],"predecessor-version":[{"id":1383,"href":"https:\/\/www.aqua-soleil.com\/de\/wp-json\/wp\/v2\/pages\/476\/revisions\/1383"}],"wp:attachment":[{"href":"https:\/\/www.aqua-soleil.com\/de\/wp-json\/wp\/v2\/media?parent=476"}],"curies":[{"name":"wp","href":"https:\/\/api.w.org\/{rel}","templated":true}]}}