{"id":392,"date":"2023-10-04T05:53:00","date_gmt":"2023-10-04T05:53:00","guid":{"rendered":"https:\/\/aqua-soleil-com.stackstaging.com\/?page_id=392"},"modified":"2023-10-11T07:37:06","modified_gmt":"2023-10-11T07:37:06","slug":"about-us","status":"publish","type":"page","link":"https:\/\/www.aqua-soleil.com\/de\/about-us\/","title":{"rendered":"\u00dcber uns"},"content":{"rendered":"<div data-elementor-type=\"wp-page\" data-elementor-id=\"392\" class=\"elementor elementor-392\" data-elementor-post-type=\"page\">\n\t\t\t\t<div class=\"elementor-element elementor-element-9e2051d e-flex e-con-boxed e-con e-parent\" data-id=\"9e2051d\" data-element_type=\"container\" data-settings=\"{&quot;background_background&quot;:&quot;classic&quot;}\">\n\t\t\t\t\t<div class=\"e-con-inner\">\n\t\t\t\t\t<\/div>\n\t\t\t\t<\/div>\n\t\t<div class=\"elementor-element elementor-element-8b25014 elementor-hidden-tablet elementor-hidden-mobile e-flex e-con-boxed e-con e-parent\" data-id=\"8b25014\" data-element_type=\"container\">\n\t\t\t\t\t<div class=\"e-con-inner\">\n\t\t<div class=\"elementor-element elementor-element-574cdae e-con-full e-flex e-con e-child\" data-id=\"574cdae\" data-element_type=\"container\">\n\t\t\t\t<div class=\"elementor-element elementor-element-cfd0bee elementor-invisible elementor-widget elementor-widget-heading\" data-id=\"cfd0bee\" data-element_type=\"widget\" data-settings=\"{&quot;_animation&quot;:&quot;fadeInUp&quot;}\" data-widget_type=\"heading.default\">\n\t\t\t\t<div class=\"elementor-widget-container\">\n\t\t\t<h1 class=\"elementor-heading-title elementor-size-default\">Die Geschichte<\/h1>\t\t<\/div>\n\t\t\t\t<\/div>\n\t\t\t\t<div class=\"elementor-element elementor-element-eb7647b elementor-invisible elementor-widget elementor-widget-heading\" data-id=\"eb7647b\" data-element_type=\"widget\" data-settings=\"{&quot;_animation&quot;:&quot;fadeInUp&quot;}\" data-widget_type=\"heading.default\">\n\t\t\t\t<div class=\"elementor-widget-container\">\n\t\t\t<h1 class=\"elementor-heading-title elementor-size-default\">Sonne, Meer und L\u00e4cheln<\/h1>\t\t<\/div>\n\t\t\t\t<\/div>\n\t\t\t\t<div class=\"elementor-element elementor-element-e4fae9a elementor-invisible elementor-widget elementor-widget-text-editor\" data-id=\"e4fae9a\" data-element_type=\"widget\" data-settings=\"{&quot;_animation&quot;:&quot;fadeInUp&quot;}\" data-widget_type=\"text-editor.default\">\n\t\t\t\t<div class=\"elementor-widget-container\">\n\t\t\t\t\t\t\t<p>Die S\u00fcdostk\u00fcste beherbergt einen gro\u00dfen Teil des historischen Erbes der Insel. Gepaart mit den feinen Sandstr\u00e4nden und den ruhigen Gew\u00e4ssern. Die Heimat einer erstaunlichen Fauna und Flora.<\/p><p>Unsere Reise begann, als Canty, Burty und Mike beschlossen, dieses wertvolle Erbe mit der breiten \u00d6ffentlichkeit zu teilen. Eine 17 Jahre dauernde Reise, die mit Leidenschaft angetreten wurde; Liebe f\u00fcr den Ruf des Meeres. Und seither haben G\u00e4ste aus aller Welt das Abenteuer ihres Lebens erlebt. Gekr\u00f6nt von der ber\u00fchmten mauritischen Gastfreundschaft.<\/p><p>Aus unserer Erfahrung heraus haben wir unvergessliche Ausfl\u00fcge an dieser historischen K\u00fcste zusammengestellt. Tropische Erinnerungen werden geschaffen. Immer und immer wieder. Gepr\u00e4gt von postkartenw\u00fcrdigen Landschaften. Geschichtstr\u00e4chtige Geschichten, die Herzlichkeit unserer Crew, eine typisch mauritische K\u00fcche f\u00fcr Feinschmecker. Und ein lokales Unterhaltungsprogramm mit rhythmischen Sega, das Ihre Seele ber\u00fchrt.<\/p>\t\t\t\t\t\t<\/div>\n\t\t\t\t<\/div>\n\t\t\t\t<\/div>\n\t\t<div class=\"elementor-element elementor-element-d82b545 e-con-full e-flex e-con e-child\" data-id=\"d82b545\" data-element_type=\"container\">\n\t\t\t\t<div class=\"elementor-element elementor-element-dea97dd elementor-invisible elementor-widget elementor-widget-image\" data-id=\"dea97dd\" data-element_type=\"widget\" data-settings=\"{&quot;_animation&quot;:&quot;zoomIn&quot;,&quot;_animation_delay&quot;:100}\" data-widget_type=\"image.default\">\n\t\t\t\t<div class=\"elementor-widget-container\">\n\t\t\t\t\t\t\t\t\t\t\t\t\t<img decoding=\"async\" src=\"https:\/\/www.aqua-soleil.com\/wp-content\/uploads\/elementor\/thumbs\/sec3-img3-scaled-qy49o1086l1e3gnfpt90muqvrzoucsqmcp8w5ifwrk.jpg\" title=\"\" alt=\"img_aquasoleil\" loading=\"lazy\" \/>\t\t\t\t\t\t\t\t\t\t\t\t\t<\/div>\n\t\t\t\t<\/div>\n\t\t<div class=\"elementor-element elementor-element-c68371a e-flex e-con-boxed e-con e-child\" data-id=\"c68371a\" data-element_type=\"container\">\n\t\t\t\t\t<div class=\"e-con-inner\">\n\t\t<div class=\"elementor-element elementor-element-2384cfd e-flex e-con-boxed e-con e-child\" data-id=\"2384cfd\" data-element_type=\"container\">\n\t\t\t\t\t<div class=\"e-con-inner\">\n\t\t\t\t<div class=\"elementor-element elementor-element-605f198 elementor-invisible elementor-widget elementor-widget-image\" data-id=\"605f198\" data-element_type=\"widget\" data-settings=\"{&quot;_animation&quot;:&quot;zoomIn&quot;,&quot;_animation_delay&quot;:150}\" data-widget_type=\"image.default\">\n\t\t\t\t<div class=\"elementor-widget-container\">\n\t\t\t\t\t\t\t\t\t\t\t\t\t<img decoding=\"async\" src=\"https:\/\/www.aqua-soleil.com\/wp-content\/uploads\/elementor\/thumbs\/1-scaled-qy49o1086l3nxu0l23yura2xbdhngcncqn889cjsxs.jpg\" title=\"\" alt=\"img_aquasoleil\" loading=\"lazy\" \/>\t\t\t\t\t\t\t\t\t\t\t\t\t<\/div>\n\t\t\t\t<\/div>\n\t\t\t\t\t<\/div>\n\t\t\t\t<\/div>\n\t\t<div class=\"elementor-element elementor-element-b81c051 e-flex e-con-boxed e-con e-child\" data-id=\"b81c051\" data-element_type=\"container\">\n\t\t\t\t\t<div class=\"e-con-inner\">\n\t\t\t\t<div class=\"elementor-element elementor-element-a9ead5c elementor-invisible elementor-widget elementor-widget-image\" data-id=\"a9ead5c\" data-element_type=\"widget\" data-settings=\"{&quot;_animation&quot;:&quot;zoomIn&quot;,&quot;_animation_delay&quot;:200}\" data-widget_type=\"image.default\">\n\t\t\t\t<div class=\"elementor-widget-container\">\n\t\t\t\t\t\t\t\t\t\t\t\t\t<img decoding=\"async\" src=\"https:\/\/www.aqua-soleil.com\/wp-content\/uploads\/elementor\/thumbs\/2-scaled-qy49o1086l3nxu0l23yura2xbdhngcncqn889cjsxs.jpg\" title=\"\" alt=\"img_aquasoleil\" loading=\"lazy\" \/>\t\t\t\t\t\t\t\t\t\t\t\t\t<\/div>\n\t\t\t\t<\/div>\n\t\t\t\t\t<\/div>\n\t\t\t\t<\/div>\n\t\t\t\t\t<\/div>\n\t\t\t\t<\/div>\n\t\t\t\t<\/div>\n\t\t\t\t\t<\/div>\n\t\t\t\t<\/div>\n\t\t<div class=\"elementor-element elementor-element-2f6bbe3 elementor-hidden-desktop elementor-hidden-laptop e-flex e-con-boxed e-con e-parent\" data-id=\"2f6bbe3\" data-element_type=\"container\">\n\t\t\t\t\t<div class=\"e-con-inner\">\n\t\t<div class=\"elementor-element elementor-element-1858ba0 e-con-full e-flex e-con e-child\" data-id=\"1858ba0\" data-element_type=\"container\">\n\t\t\t\t<div class=\"elementor-element elementor-element-63734e3 elementor-invisible elementor-widget elementor-widget-heading\" data-id=\"63734e3\" data-element_type=\"widget\" data-settings=\"{&quot;_animation&quot;:&quot;fadeInUp&quot;}\" data-widget_type=\"heading.default\">\n\t\t\t\t<div class=\"elementor-widget-container\">\n\t\t\t<h1 class=\"elementor-heading-title elementor-size-default\">Die Geschichte<\/h1>\t\t<\/div>\n\t\t\t\t<\/div>\n\t\t\t\t<div class=\"elementor-element elementor-element-ad60aa5 elementor-invisible elementor-widget elementor-widget-heading\" data-id=\"ad60aa5\" data-element_type=\"widget\" data-settings=\"{&quot;_animation&quot;:&quot;fadeInUp&quot;}\" data-widget_type=\"heading.default\">\n\t\t\t\t<div class=\"elementor-widget-container\">\n\t\t\t<h1 class=\"elementor-heading-title elementor-size-default\">Sonne, Meer und L\u00e4cheln<\/h1>\t\t<\/div>\n\t\t\t\t<\/div>\n\t\t\t\t<div class=\"elementor-element elementor-element-8a4ad88 elementor-invisible elementor-widget elementor-widget-text-editor\" data-id=\"8a4ad88\" data-element_type=\"widget\" data-settings=\"{&quot;_animation&quot;:&quot;fadeInUp&quot;}\" data-widget_type=\"text-editor.default\">\n\t\t\t\t<div class=\"elementor-widget-container\">\n\t\t\t\t\t\t\t<p>Die S\u00fcdostk\u00fcste beherbergt einen gro\u00dfen Teil des historischen Erbes der Insel. Gepaart mit den feinen Sandstr\u00e4nden und den ruhigen Gew\u00e4ssern. Die Heimat einer erstaunlichen Fauna und Flora.<\/p><p>Unsere Reise begann, als Canty, Burty und Mike beschlossen, dieses wertvolle Erbe mit der breiten \u00d6ffentlichkeit zu teilen. Eine 17 Jahre dauernde Reise, die mit Leidenschaft angetreten wurde; Liebe f\u00fcr den Ruf des Meeres. Und seither haben G\u00e4ste aus aller Welt das Abenteuer ihres Lebens erlebt. Gekr\u00f6nt von der ber\u00fchmten mauritischen Gastfreundschaft.<\/p><p>Aus unserer Erfahrung heraus haben wir unvergessliche Ausfl\u00fcge an dieser historischen K\u00fcste zusammengestellt. Tropische Erinnerungen werden geschaffen. Immer und immer wieder. Gepr\u00e4gt von postkartenw\u00fcrdigen Landschaften. Geschichtstr\u00e4chtige Geschichten, die Herzlichkeit unserer Crew, eine typisch mauritische K\u00fcche f\u00fcr Feinschmecker. Und ein lokales Unterhaltungsprogramm mit rhythmischen Sega, das Ihre Seele ber\u00fchrt.<\/p>\t\t\t\t\t\t<\/div>\n\t\t\t\t<\/div>\n\t\t\t\t<\/div>\n\t\t<div class=\"elementor-element elementor-element-820b514 e-con-full e-flex e-con e-child\" data-id=\"820b514\" data-element_type=\"container\">\n\t\t\t\t<div class=\"elementor-element elementor-element-5e2bbca elementor-invisible elementor-widget elementor-widget-image\" data-id=\"5e2bbca\" data-element_type=\"widget\" data-settings=\"{&quot;_animation&quot;:&quot;zoomIn&quot;,&quot;_animation_delay&quot;:100}\" data-widget_type=\"image.default\">\n\t\t\t\t<div class=\"elementor-widget-container\">\n\t\t\t\t\t\t\t\t\t\t\t\t\t<img decoding=\"async\" src=\"https:\/\/www.aqua-soleil.com\/wp-content\/uploads\/elementor\/thumbs\/sec3-img3-scaled-qy49o1086l1e3gnfpt90muqvrzoucsqmcp8w5ifwrk.jpg\" title=\"\" alt=\"img_aquasoleil\" loading=\"lazy\" \/>\t\t\t\t\t\t\t\t\t\t\t\t\t<\/div>\n\t\t\t\t<\/div>\n\t\t<div class=\"elementor-element elementor-element-6dcf0d6 e-flex e-con-boxed e-con e-child\" data-id=\"6dcf0d6\" data-element_type=\"container\">\n\t\t\t\t\t<div class=\"e-con-inner\">\n\t\t<div class=\"elementor-element elementor-element-c52bbfe e-flex e-con-boxed e-con e-child\" data-id=\"c52bbfe\" data-element_type=\"container\">\n\t\t\t\t\t<div class=\"e-con-inner\">\n\t\t\t\t<div class=\"elementor-element elementor-element-3b0e7b2 elementor-invisible elementor-widget elementor-widget-image\" data-id=\"3b0e7b2\" data-element_type=\"widget\" data-settings=\"{&quot;_animation&quot;:&quot;zoomIn&quot;,&quot;_animation_delay&quot;:150}\" data-widget_type=\"image.default\">\n\t\t\t\t<div class=\"elementor-widget-container\">\n\t\t\t\t\t\t\t\t\t\t\t\t\t<img decoding=\"async\" src=\"https:\/\/www.aqua-soleil.com\/wp-content\/uploads\/elementor\/thumbs\/1-scaled-qy49o1086l3nxu0l23yura2xbdhngcncqn889cjsxs.jpg\" title=\"\" alt=\"img_aquasoleil\" loading=\"lazy\" \/>\t\t\t\t\t\t\t\t\t\t\t\t\t<\/div>\n\t\t\t\t<\/div>\n\t\t\t\t\t<\/div>\n\t\t\t\t<\/div>\n\t\t<div class=\"elementor-element elementor-element-7d51cb0 e-flex e-con-boxed e-con e-child\" data-id=\"7d51cb0\" data-element_type=\"container\">\n\t\t\t\t\t<div class=\"e-con-inner\">\n\t\t\t\t<div class=\"elementor-element elementor-element-d7ed032 elementor-invisible elementor-widget elementor-widget-image\" data-id=\"d7ed032\" data-element_type=\"widget\" data-settings=\"{&quot;_animation&quot;:&quot;zoomIn&quot;,&quot;_animation_delay&quot;:200}\" data-widget_type=\"image.default\">\n\t\t\t\t<div class=\"elementor-widget-container\">\n\t\t\t\t\t\t\t\t\t\t\t\t\t<img decoding=\"async\" src=\"https:\/\/www.aqua-soleil.com\/wp-content\/uploads\/elementor\/thumbs\/2-scaled-qy49o1086l3nxu0l23yura2xbdhngcncqn889cjsxs.jpg\" title=\"\" alt=\"img_aquasoleil\" loading=\"lazy\" \/>\t\t\t\t\t\t\t\t\t\t\t\t\t<\/div>\n\t\t\t\t<\/div>\n\t\t\t\t\t<\/div>\n\t\t\t\t<\/div>\n\t\t\t\t\t<\/div>\n\t\t\t\t<\/div>\n\t\t\t\t<\/div>\n\t\t\t\t\t<\/div>\n\t\t\t\t<\/div>\n\t\t<div class=\"elementor-element elementor-element-a7fff6f e-flex e-con-boxed e-con e-parent\" data-id=\"a7fff6f\" data-element_type=\"container\" data-settings=\"{&quot;background_background&quot;:&quot;classic&quot;}\">\n\t\t\t\t\t<div class=\"e-con-inner\">\n\t\t\t\t\t<\/div>\n\t\t\t\t<\/div>\n\t\t<div class=\"elementor-element elementor-element-d12eee8 e-flex e-con-boxed e-con e-parent\" data-id=\"d12eee8\" data-element_type=\"container\" data-settings=\"{&quot;background_background&quot;:&quot;classic&quot;}\">\n\t\t\t\t\t<div class=\"e-con-inner\">\n\t\t<div class=\"elementor-element elementor-element-6a23c69 e-con-full e-flex e-con e-child\" data-id=\"6a23c69\" data-element_type=\"container\">\n\t\t\t\t<div class=\"elementor-element elementor-element-cc7c27e elementor-position-top elementor-invisible elementor-widget elementor-widget-image-box\" data-id=\"cc7c27e\" data-element_type=\"widget\" data-settings=\"{&quot;_animation&quot;:&quot;fadeInUp&quot;,&quot;_animation_delay&quot;:100}\" data-widget_type=\"image-box.default\">\n\t\t\t\t<div class=\"elementor-widget-container\">\n\t\t\t<div class=\"elementor-image-box-wrapper\"><figure class=\"elementor-image-box-img\"><img fetchpriority=\"high\" decoding=\"async\" width=\"512\" height=\"512\" src=\"https:\/\/www.aqua-soleil.com\/wp-content\/uploads\/2023\/10\/icon1.png\" class=\"attachment-large size-large wp-image-416\" alt=\"img_aquasoleil\" srcset=\"https:\/\/www.aqua-soleil.com\/wp-content\/uploads\/2023\/10\/icon1.png 512w, https:\/\/www.aqua-soleil.com\/wp-content\/uploads\/2023\/10\/icon1-300x300.png 300w, https:\/\/www.aqua-soleil.com\/wp-content\/uploads\/2023\/10\/icon1-150x150.png 150w\" sizes=\"(max-width: 512px) 100vw, 512px\" \/><\/figure><div class=\"elementor-image-box-content\"><h3 class=\"elementor-image-box-title\">Mission<\/h3><p class=\"elementor-image-box-description\">Unser Ziel ist es, Ihren Kreuzfahrttraum wahr werden zu lassen. Unsere Gr\u00fcnder haben die Sch\u00f6nheit der mauritischen Meere seit ihrer Kindheit genossen. Sie leben f\u00fcr ihre Leidenschaft und m\u00f6chten sie mit der Welt teilen. Und das alles in einer idyllischen Umgebung, um lebenslange Erinnerungen zu schaffen.<\/p><\/div><\/div>\t\t<\/div>\n\t\t\t\t<\/div>\n\t\t\t\t<\/div>\n\t\t<div class=\"elementor-element elementor-element-3615c88 e-con-full e-flex e-con e-child\" data-id=\"3615c88\" data-element_type=\"container\">\n\t\t\t\t<div class=\"elementor-element elementor-element-d4c4034 elementor-position-top elementor-invisible elementor-widget elementor-widget-image-box\" data-id=\"d4c4034\" data-element_type=\"widget\" data-settings=\"{&quot;_animation&quot;:&quot;fadeInUp&quot;,&quot;_animation_delay&quot;:200}\" data-widget_type=\"image-box.default\">\n\t\t\t\t<div class=\"elementor-widget-container\">\n\t\t\t<div class=\"elementor-image-box-wrapper\"><figure class=\"elementor-image-box-img\"><img decoding=\"async\" width=\"512\" height=\"512\" src=\"https:\/\/www.aqua-soleil.com\/wp-content\/uploads\/2023\/10\/icon2.png\" class=\"attachment-large size-large wp-image-417\" alt=\"img_aquasoleil\" srcset=\"https:\/\/www.aqua-soleil.com\/wp-content\/uploads\/2023\/10\/icon2.png 512w, https:\/\/www.aqua-soleil.com\/wp-content\/uploads\/2023\/10\/icon2-300x300.png 300w, https:\/\/www.aqua-soleil.com\/wp-content\/uploads\/2023\/10\/icon2-150x150.png 150w\" sizes=\"(max-width: 512px) 100vw, 512px\" \/><\/figure><div class=\"elementor-image-box-content\"><h3 class=\"elementor-image-box-title\">Wert<\/h3><p class=\"elementor-image-box-description\">Wir investieren in unsere Mitarbeiter - sie sind es, die das Erlebnis ausmachen. Unsere Reiseleiter sind voll qualifiziert, werden regelm\u00e4\u00dfig geschult und haben vor allem Spa\u00df daran, die Touren zu leiten und unsere historische Kultur zu vermitteln. An erster Stelle stehen hervorragende Dienstleistungen, Vertrauen, Sicherheit, Geselligkeit und Entdeckungen. <\/p><\/div><\/div>\t\t<\/div>\n\t\t\t\t<\/div>\n\t\t\t\t<\/div>\n\t\t<div class=\"elementor-element elementor-element-ce8b9f8 e-con-full e-flex e-con e-child\" data-id=\"ce8b9f8\" data-element_type=\"container\">\n\t\t\t\t<div class=\"elementor-element elementor-element-c9f37ce elementor-position-top elementor-invisible elementor-widget elementor-widget-image-box\" data-id=\"c9f37ce\" data-element_type=\"widget\" data-settings=\"{&quot;_animation&quot;:&quot;fadeInUp&quot;,&quot;_animation_delay&quot;:300}\" data-widget_type=\"image-box.default\">\n\t\t\t\t<div class=\"elementor-widget-container\">\n\t\t\t<div class=\"elementor-image-box-wrapper\"><figure class=\"elementor-image-box-img\"><img decoding=\"async\" width=\"512\" height=\"512\" src=\"https:\/\/www.aqua-soleil.com\/wp-content\/uploads\/2023\/10\/icon3.png\" class=\"attachment-large size-large wp-image-418\" alt=\"img_aquasoleil\" srcset=\"https:\/\/www.aqua-soleil.com\/wp-content\/uploads\/2023\/10\/icon3.png 512w, https:\/\/www.aqua-soleil.com\/wp-content\/uploads\/2023\/10\/icon3-300x300.png 300w, https:\/\/www.aqua-soleil.com\/wp-content\/uploads\/2023\/10\/icon3-150x150.png 150w\" sizes=\"(max-width: 512px) 100vw, 512px\" \/><\/figure><div class=\"elementor-image-box-content\"><h3 class=\"elementor-image-box-title\">Vision<\/h3><p class=\"elementor-image-box-description\">Um ein entspannteres Erlebnis zu bieten, brachten wir die Neuheit von Kreuzfahrtschiffen wie der Cataspeed in die s\u00fcd\u00f6stlichen Lagunen. Und wir haben unsere eigene Route entwickelt, die Blue Bay und Trou D'eau Douce sowie die nahe gelegenen Inseln einschlie\u00dft. Wir sind st\u00e4ndig dabei, uns zu erneuern und zu verbessern, um Ihnen den perfekten tropischen Urlaub zu bieten.<\/p><\/div><\/div>\t\t<\/div>\n\t\t\t\t<\/div>\n\t\t\t\t<\/div>\n\t\t\t\t\t<\/div>\n\t\t\t\t<\/div>\n\t\t<div class=\"elementor-element elementor-element-b56a9c6 e-flex e-con-boxed e-con e-parent\" data-id=\"b56a9c6\" data-element_type=\"container\">\n\t\t\t\t\t<div class=\"e-con-inner\">\n\t\t<div class=\"elementor-element elementor-element-246fa5c e-con-full e-flex e-con e-child\" data-id=\"246fa5c\" data-element_type=\"container\">\n\t\t\t\t<div class=\"elementor-element elementor-element-f5176cb elementor-invisible elementor-widget elementor-widget-image\" data-id=\"f5176cb\" data-element_type=\"widget\" data-settings=\"{&quot;_animation&quot;:&quot;fadeInLeft&quot;}\" data-widget_type=\"image.default\">\n\t\t\t\t<div class=\"elementor-widget-container\">\n\t\t\t\t\t\t\t\t\t\t\t\t\t<img loading=\"lazy\" decoding=\"async\" width=\"800\" height=\"532\" src=\"https:\/\/www.aqua-soleil.com\/wp-content\/uploads\/2023\/10\/4-1024x681.jpg\" class=\"attachment-large size-large wp-image-427\" alt=\"img_aquasoleil\" srcset=\"https:\/\/www.aqua-soleil.com\/wp-content\/uploads\/2023\/10\/4-1024x681.jpg 1024w, https:\/\/www.aqua-soleil.com\/wp-content\/uploads\/2023\/10\/4-300x200.jpg 300w, https:\/\/www.aqua-soleil.com\/wp-content\/uploads\/2023\/10\/4-768x511.jpg 768w, https:\/\/www.aqua-soleil.com\/wp-content\/uploads\/2023\/10\/4-1536x1022.jpg 1536w, https:\/\/www.aqua-soleil.com\/wp-content\/uploads\/2023\/10\/4-2048x1363.jpg 2048w\" sizes=\"(max-width: 800px) 100vw, 800px\" \/>\t\t\t\t\t\t\t\t\t\t\t\t\t<\/div>\n\t\t\t\t<\/div>\n\t\t\t\t<\/div>\n\t\t<div class=\"elementor-element elementor-element-319eedd e-con-full e-flex e-con e-child\" data-id=\"319eedd\" data-element_type=\"container\">\n\t\t\t\t<div class=\"elementor-element elementor-element-72b73cf elementor-invisible elementor-widget elementor-widget-heading\" data-id=\"72b73cf\" data-element_type=\"widget\" data-settings=\"{&quot;_animation&quot;:&quot;fadeInUp&quot;}\" data-widget_type=\"heading.default\">\n\t\t\t\t<div class=\"elementor-widget-container\">\n\t\t\t<h1 class=\"elementor-heading-title elementor-size-default\">Steigen Sie ein und\nsehen Sie la vie en bleu<\/h1>\t\t<\/div>\n\t\t\t\t<\/div>\n\t\t\t\t<div class=\"elementor-element elementor-element-d0bc868 elementor-invisible elementor-widget elementor-widget-text-editor\" data-id=\"d0bc868\" data-element_type=\"widget\" data-settings=\"{&quot;_animation&quot;:&quot;fadeInUp&quot;}\" data-widget_type=\"text-editor.default\">\n\t\t\t\t<div class=\"elementor-widget-container\">\n\t\t\t\t\t\t\t<p>Begleiten Sie uns an Bord unserer modernen und voll ausgestatteten Kreuzfahrt- und Schnellboote, um Ihnen das Beste der historischen S\u00fcdostk\u00fcste zu zeigen. Mehr als ein Ausflug.<\/p><p>Schaffen Sie einen Moment, der es wert ist, tausendmal gelebt zu werden.<\/p>\t\t\t\t\t\t<\/div>\n\t\t\t\t<\/div>\n\t\t\t\t<\/div>\n\t\t\t\t\t<\/div>\n\t\t\t\t<\/div>\n\t\t\t\t<\/div>","protected":false},"excerpt":{"rendered":"<p>The Story Sun, Sea and Smile The southeastern coast boasts a major part of the historical heritage of the island. Paired with the fine sandy beaches and the tranquil waters. Which is home to an amazing fauna and flora. Our journey started when Canty, Burty, and Mike decided to share this precious heritage with the [&hellip;]<\/p>","protected":false},"author":1,"featured_media":0,"parent":0,"menu_order":0,"comment_status":"closed","ping_status":"closed","template":"elementor_header_footer","meta":{"_acf_changed":false,"footnotes":""},"class_list":["post-392","page","type-page","status-publish","hentry"],"acf":[],"_links":{"self":[{"href":"https:\/\/www.aqua-soleil.com\/de\/wp-json\/wp\/v2\/pages\/392","targetHints":{"allow":["GET"]}}],"collection":[{"href":"https:\/\/www.aqua-soleil.com\/de\/wp-json\/wp\/v2\/pages"}],"about":[{"href":"https:\/\/www.aqua-soleil.com\/de\/wp-json\/wp\/v2\/types\/page"}],"author":[{"embeddable":true,"href":"https:\/\/www.aqua-soleil.com\/de\/wp-json\/wp\/v2\/users\/1"}],"replies":[{"embeddable":true,"href":"https:\/\/www.aqua-soleil.com\/de\/wp-json\/wp\/v2\/comments?post=392"}],"version-history":[{"count":67,"href":"https:\/\/www.aqua-soleil.com\/de\/wp-json\/wp\/v2\/pages\/392\/revisions"}],"predecessor-version":[{"id":783,"href":"https:\/\/www.aqua-soleil.com\/de\/wp-json\/wp\/v2\/pages\/392\/revisions\/783"}],"wp:attachment":[{"href":"https:\/\/www.aqua-soleil.com\/de\/wp-json\/wp\/v2\/media?parent=392"}],"curies":[{"name":"wp","href":"https:\/\/api.w.org\/{rel}","templated":true}]}}